{"id":40370,"date":"2023-07-11T10:06:28","date_gmt":"2023-07-11T08:06:28","guid":{"rendered":"https:\/\/dziendobrysklep.com\/en\/?post_type=product&#038;p=40370"},"modified":"2023-07-11T10:15:41","modified_gmt":"2023-07-11T08:15:41","slug":"one-piece-swimsuit-rose","status":"publish","type":"product","link":"https:\/\/app.dziendobrysklep.com\/en\/produkt\/one-piece-swimsuit-rose\/","title":{"rendered":"one-piece swimsuit Rose"},"content":{"rendered":"<p>Rose pattern one-piece swimsuit<\/p>\n<p>The new cut of the one-piece swimsuit fromdzie\u0144dobry is also characterized by a deeply cut back. The upper part of the costume is wrinkled so that the costume does not flatten the bust. The strap under the bust makes the costume fit well and supports where it is needed.<\/p>\n<p>The lycra we use has &#8216;antichlor&#8217; properties, which means that it is resistant to the harmful effects of chlorine on the material and print, so you can confidently swim in it in the pool.<\/p>\n<p>Composition: 95% polyester, 5% elastane<br \/>\nMachine wash at 40\u00b0C<br \/>\nEntirely designed and manufactured in Poland in \u0141\u00f3d\u017a<\/p>\n<p>The model is wearing a Rose swimsuit size M and is 178 cm tall<\/p>\n<ul>\n<li>The arrangement of the pattern on each copy is different, which means that the product you receive may differ from the one shown in the photos.<\/li>\n<li>The colors in the picture may slightly differ from the actual products depending on the preferences of the monitor.<\/li>\n<\/ul>\n","protected":false},"excerpt":{"rendered":"<p>Rose pattern one-piece swimsuit The new cut of the one-piece swimsuit fromdzie\u0144dobry is also characterized by a deeply cut back. The upper part of the costume is wrinkled so that the costume does not flatten the bust. The strap under the bust makes the costume fit well and supports where it is needed. The lycra&#8230;<\/p>\n","protected":false},"featured_media":100000143659,"template":"","meta":{"_acf_changed":false},"product_cat":[20,83],"product_tag":[],"acf":[],"yoast_head":"<!-- This site is optimized with the Yoast SEO plugin v21.9.1 - https:\/\/yoast.com\/wordpress\/plugins\/seo\/ -->\n<title>one-piece swimsuit Rose - dziendobry store<\/title>\n<meta name=\"robots\" content=\"index, follow, max-snippet:-1, max-image-preview:large, max-video-preview:-1\" \/>\n<link rel=\"canonical\" href=\"https:\/\/dziendobrysklep.com\/en\/produkt\/one-piece-swimsuit-rose\/\" \/>\n<meta property=\"og:locale\" content=\"en_GB\" \/>\n<meta property=\"og:type\" content=\"article\" \/>\n<meta property=\"og:title\" content=\"one-piece swimsuit Rose - dziendobry store\" \/>\n<meta property=\"og:description\" content=\"Rose pattern one-piece swimsuit The new cut of the one-piece swimsuit fromdzie\u0144dobry is also characterized by a deeply cut back. The upper part of the costume is wrinkled so that the costume does not flatten the bust. The strap under the bust makes the costume fit well and supports where it is needed. The lycra...\" \/>\n<meta property=\"og:url\" content=\"https:\/\/dziendobrysklep.com\/en\/produkt\/one-piece-swimsuit-rose\/\" \/>\n<meta property=\"og:site_name\" content=\"dziendobry store\" \/>\n<meta property=\"article:modified_time\" content=\"2023-07-11T08:15:41+00:00\" \/>\n<meta name=\"twitter:card\" content=\"summary_large_image\" \/>\n<meta name=\"twitter:image\" content=\"https:\/\/app.dziendobrysklep.com\/en\/wp-content\/uploads\/2023\/05\/dziendobry-lato-2023-kostium-roza-4.jpg\" \/>\n<meta name=\"twitter:label1\" content=\"Estimated reading time\" \/>\n\t<meta name=\"twitter:data1\" content=\"1 minute\" \/>\n<script type=\"application\/ld+json\" class=\"yoast-schema-graph\">{\"@context\":\"https:\/\/schema.org\",\"@graph\":[{\"@type\":\"WebPage\",\"@id\":\"https:\/\/dziendobrysklep.com\/en\/produkt\/one-piece-swimsuit-rose\/\",\"url\":\"https:\/\/dziendobrysklep.com\/en\/produkt\/one-piece-swimsuit-rose\/\",\"name\":\"one-piece swimsuit Rose - dziendobry store\",\"isPartOf\":{\"@id\":\"https:\/\/dziendobrysklep.com\/en\/#website\"},\"datePublished\":\"2023-07-11T08:06:28+00:00\",\"dateModified\":\"2023-07-11T08:15:41+00:00\",\"breadcrumb\":{\"@id\":\"https:\/\/dziendobrysklep.com\/en\/produkt\/one-piece-swimsuit-rose\/#breadcrumb\"},\"inLanguage\":\"en-GB\",\"potentialAction\":[{\"@type\":\"ReadAction\",\"target\":[\"https:\/\/dziendobrysklep.com\/en\/produkt\/one-piece-swimsuit-rose\/\"]}]},{\"@type\":\"BreadcrumbList\",\"@id\":\"https:\/\/dziendobrysklep.com\/en\/produkt\/one-piece-swimsuit-rose\/#breadcrumb\",\"itemListElement\":[{\"@type\":\"ListItem\",\"position\":1,\"name\":\"Strona g\u0142\u00f3wna\",\"item\":\"https:\/\/dziendobrysklep.com\/en\/\"},{\"@type\":\"ListItem\",\"position\":2,\"name\":\"store\",\"item\":\"https:\/\/dziendobrysklep.com\/en\/store\/\"},{\"@type\":\"ListItem\",\"position\":3,\"name\":\"one-piece swimsuit Rose\"}]},{\"@type\":\"WebSite\",\"@id\":\"https:\/\/dziendobrysklep.com\/en\/#website\",\"url\":\"https:\/\/dziendobrysklep.com\/en\/\",\"name\":\"dziendobry store\",\"description\":\"dziendobry store \u2013 it is not just colourful clothing, but also a positive message that you can wear every day!\",\"potentialAction\":[{\"@type\":\"SearchAction\",\"target\":{\"@type\":\"EntryPoint\",\"urlTemplate\":\"https:\/\/dziendobrysklep.com\/en\/?s={search_term_string}\"},\"query-input\":\"required name=search_term_string\"}],\"inLanguage\":\"en-GB\"}]}<\/script>\n<!-- \/ Yoast SEO plugin. -->","yoast_head_json":{"title":"one-piece swimsuit Rose - dziendobry store","robots":{"index":"index","follow":"follow","max-snippet":"max-snippet:-1","max-image-preview":"max-image-preview:large","max-video-preview":"max-video-preview:-1"},"canonical":"https:\/\/dziendobrysklep.com\/en\/produkt\/one-piece-swimsuit-rose\/","og_locale":"en_GB","og_type":"article","og_title":"one-piece swimsuit Rose - dziendobry store","og_description":"Rose pattern one-piece swimsuit The new cut of the one-piece swimsuit fromdzie\u0144dobry is also characterized by a deeply cut back. The upper part of the costume is wrinkled so that the costume does not flatten the bust. The strap under the bust makes the costume fit well and supports where it is needed. The lycra...","og_url":"https:\/\/dziendobrysklep.com\/en\/produkt\/one-piece-swimsuit-rose\/","og_site_name":"dziendobry store","article_modified_time":"2023-07-11T08:15:41+00:00","twitter_card":"summary_large_image","twitter_image":"https:\/\/app.dziendobrysklep.com\/en\/wp-content\/uploads\/2023\/05\/dziendobry-lato-2023-kostium-roza-4.jpg","twitter_misc":{"Estimated reading time":"1 minute"},"schema":{"@context":"https:\/\/schema.org","@graph":[{"@type":"WebPage","@id":"https:\/\/dziendobrysklep.com\/en\/produkt\/one-piece-swimsuit-rose\/","url":"https:\/\/dziendobrysklep.com\/en\/produkt\/one-piece-swimsuit-rose\/","name":"one-piece swimsuit Rose - dziendobry store","isPartOf":{"@id":"https:\/\/dziendobrysklep.com\/en\/#website"},"datePublished":"2023-07-11T08:06:28+00:00","dateModified":"2023-07-11T08:15:41+00:00","breadcrumb":{"@id":"https:\/\/dziendobrysklep.com\/en\/produkt\/one-piece-swimsuit-rose\/#breadcrumb"},"inLanguage":"en-GB","potentialAction":[{"@type":"ReadAction","target":["https:\/\/dziendobrysklep.com\/en\/produkt\/one-piece-swimsuit-rose\/"]}]},{"@type":"BreadcrumbList","@id":"https:\/\/dziendobrysklep.com\/en\/produkt\/one-piece-swimsuit-rose\/#breadcrumb","itemListElement":[{"@type":"ListItem","position":1,"name":"Strona g\u0142\u00f3wna","item":"https:\/\/dziendobrysklep.com\/en\/"},{"@type":"ListItem","position":2,"name":"store","item":"https:\/\/dziendobrysklep.com\/en\/store\/"},{"@type":"ListItem","position":3,"name":"one-piece swimsuit Rose"}]},{"@type":"WebSite","@id":"https:\/\/dziendobrysklep.com\/en\/#website","url":"https:\/\/dziendobrysklep.com\/en\/","name":"dziendobry store","description":"dziendobry store \u2013 it is not just colourful clothing, but also a positive message that you can wear every day!","potentialAction":[{"@type":"SearchAction","target":{"@type":"EntryPoint","urlTemplate":"https:\/\/dziendobrysklep.com\/en\/?s={search_term_string}"},"query-input":"required name=search_term_string"}],"inLanguage":"en-GB"}]}},"_links":{"self":[{"href":"https:\/\/app.dziendobrysklep.com\/en\/wp-json\/wp\/v2\/product\/40370"}],"collection":[{"href":"https:\/\/app.dziendobrysklep.com\/en\/wp-json\/wp\/v2\/product"}],"about":[{"href":"https:\/\/app.dziendobrysklep.com\/en\/wp-json\/wp\/v2\/types\/product"}],"wp:featuredmedia":[{"embeddable":true,"href":"https:\/\/app.dziendobrysklep.com\/en\/wp-json\/"}],"wp:attachment":[{"href":"https:\/\/app.dziendobrysklep.com\/en\/wp-json\/wp\/v2\/media?parent=40370"}],"wp:term":[{"taxonomy":"product_cat","embeddable":true,"href":"https:\/\/app.dziendobrysklep.com\/en\/wp-json\/wp\/v2\/product_cat?post=40370"},{"taxonomy":"product_tag","embeddable":true,"href":"https:\/\/app.dziendobrysklep.com\/en\/wp-json\/wp\/v2\/product_tag?post=40370"}],"curies":[{"name":"wp","href":"https:\/\/api.w.org\/{rel}","templated":true}]}}