{"id":40354,"date":"2023-07-11T10:15:39","date_gmt":"2023-07-11T08:15:39","guid":{"rendered":"https:\/\/dziendobrysklep.com\/en\/?post_type=product&#038;p=40354"},"modified":"2023-07-11T10:15:39","modified_gmt":"2023-07-11T08:15:39","slug":"one-piece-swimsuit-africa","status":"publish","type":"product","link":"https:\/\/app.dziendobrysklep.com\/en\/produkt\/one-piece-swimsuit-africa\/","title":{"rendered":"One-piece swimsuit Africa"},"content":{"rendered":"<p>One-piece swimsuit with an Africa pattern with a large cutout on the back<\/p>\n<p>Regular price PLN 149<\/p>\n<p>We created the form of this costume out of the need for great comfort and freedom. While swimming in the pool, lounging on the beach or active recreation by the lake. The costume is quite built up in the bust and hips. So we don&#8217;t have to worry that the world will accidentally see more than we want. But we uncovered our backs so that it wasn&#8217;t so polite. The lycra we use has &#8216;antichlor&#8217; properties, which means that it is resistant to the harmful effects of chlorine on the material and print, so you can confidently swim in it in the pool.<\/p>\n<p>Composition: 95% polyester, 5% elastane<br \/>\nMachine wash at 40\u00b0C<br \/>\nEntirely designed and manufactured in Poland in \u0141\u00f3d\u017a<\/p>\n<p>The model is wearing an Africa swimsuit size M and is 178 cm tall<\/p>\n<ul>\n<li>The arrangement of the pattern on each copy is different, which means that the product you receive may differ from the one shown in the photos.<\/li>\n<li>The colors in the picture may slightly differ from the actual products depending on the preferences of the monitor.<\/li>\n<\/ul>\n","protected":false},"excerpt":{"rendered":"<p>One-piece swimsuit with an Africa pattern with a large cutout on the back Regular price PLN 149 We created the form of this costume out of the need for great comfort and freedom. While swimming in the pool, lounging on the beach or active recreation by the lake. The costume is quite built up in&#8230;<\/p>\n","protected":false},"featured_media":100000143650,"template":"","meta":{"_acf_changed":false},"product_cat":[20,83],"product_tag":[],"acf":[],"yoast_head":"<!-- This site is optimized with the Yoast SEO plugin v21.9.1 - https:\/\/yoast.com\/wordpress\/plugins\/seo\/ -->\n<title>One-piece swimsuit Africa - dziendobry store<\/title>\n<meta name=\"robots\" content=\"index, follow, max-snippet:-1, max-image-preview:large, max-video-preview:-1\" \/>\n<link rel=\"canonical\" href=\"https:\/\/dziendobrysklep.com\/en\/produkt\/one-piece-swimsuit-africa\/\" \/>\n<meta property=\"og:locale\" content=\"en_GB\" \/>\n<meta property=\"og:type\" content=\"article\" \/>\n<meta property=\"og:title\" content=\"One-piece swimsuit Africa - dziendobry store\" \/>\n<meta property=\"og:description\" content=\"One-piece swimsuit with an Africa pattern with a large cutout on the back Regular price PLN 149 We created the form of this costume out of the need for great comfort and freedom. While swimming in the pool, lounging on the beach or active recreation by the lake. The costume is quite built up in...\" \/>\n<meta property=\"og:url\" content=\"https:\/\/dziendobrysklep.com\/en\/produkt\/one-piece-swimsuit-africa\/\" \/>\n<meta property=\"og:site_name\" content=\"dziendobry store\" \/>\n<meta name=\"twitter:card\" content=\"summary_large_image\" \/>\n<meta name=\"twitter:image\" content=\"https:\/\/app.dziendobrysklep.com\/en\/wp-content\/uploads\/2023\/05\/dziendobry-lato-2023-kostium-afryka-1.jpg\" \/>\n<meta name=\"twitter:label1\" content=\"Estimated reading time\" \/>\n\t<meta name=\"twitter:data1\" content=\"1 minute\" \/>\n<script type=\"application\/ld+json\" class=\"yoast-schema-graph\">{\"@context\":\"https:\/\/schema.org\",\"@graph\":[{\"@type\":\"WebPage\",\"@id\":\"https:\/\/dziendobrysklep.com\/en\/produkt\/one-piece-swimsuit-africa\/\",\"url\":\"https:\/\/dziendobrysklep.com\/en\/produkt\/one-piece-swimsuit-africa\/\",\"name\":\"One-piece swimsuit Africa - dziendobry store\",\"isPartOf\":{\"@id\":\"https:\/\/dziendobrysklep.com\/en\/#website\"},\"datePublished\":\"2023-07-11T08:15:39+00:00\",\"dateModified\":\"2023-07-11T08:15:39+00:00\",\"breadcrumb\":{\"@id\":\"https:\/\/dziendobrysklep.com\/en\/produkt\/one-piece-swimsuit-africa\/#breadcrumb\"},\"inLanguage\":\"en-GB\",\"potentialAction\":[{\"@type\":\"ReadAction\",\"target\":[\"https:\/\/dziendobrysklep.com\/en\/produkt\/one-piece-swimsuit-africa\/\"]}]},{\"@type\":\"BreadcrumbList\",\"@id\":\"https:\/\/dziendobrysklep.com\/en\/produkt\/one-piece-swimsuit-africa\/#breadcrumb\",\"itemListElement\":[{\"@type\":\"ListItem\",\"position\":1,\"name\":\"Strona g\u0142\u00f3wna\",\"item\":\"https:\/\/dziendobrysklep.com\/en\/\"},{\"@type\":\"ListItem\",\"position\":2,\"name\":\"store\",\"item\":\"https:\/\/dziendobrysklep.com\/en\/store\/\"},{\"@type\":\"ListItem\",\"position\":3,\"name\":\"One-piece swimsuit Africa\"}]},{\"@type\":\"WebSite\",\"@id\":\"https:\/\/dziendobrysklep.com\/en\/#website\",\"url\":\"https:\/\/dziendobrysklep.com\/en\/\",\"name\":\"dziendobry store\",\"description\":\"dziendobry store \u2013 it is not just colourful clothing, but also a positive message that you can wear every day!\",\"potentialAction\":[{\"@type\":\"SearchAction\",\"target\":{\"@type\":\"EntryPoint\",\"urlTemplate\":\"https:\/\/dziendobrysklep.com\/en\/?s={search_term_string}\"},\"query-input\":\"required name=search_term_string\"}],\"inLanguage\":\"en-GB\"}]}<\/script>\n<!-- \/ Yoast SEO plugin. -->","yoast_head_json":{"title":"One-piece swimsuit Africa - dziendobry store","robots":{"index":"index","follow":"follow","max-snippet":"max-snippet:-1","max-image-preview":"max-image-preview:large","max-video-preview":"max-video-preview:-1"},"canonical":"https:\/\/dziendobrysklep.com\/en\/produkt\/one-piece-swimsuit-africa\/","og_locale":"en_GB","og_type":"article","og_title":"One-piece swimsuit Africa - dziendobry store","og_description":"One-piece swimsuit with an Africa pattern with a large cutout on the back Regular price PLN 149 We created the form of this costume out of the need for great comfort and freedom. While swimming in the pool, lounging on the beach or active recreation by the lake. The costume is quite built up in...","og_url":"https:\/\/dziendobrysklep.com\/en\/produkt\/one-piece-swimsuit-africa\/","og_site_name":"dziendobry store","twitter_card":"summary_large_image","twitter_image":"https:\/\/app.dziendobrysklep.com\/en\/wp-content\/uploads\/2023\/05\/dziendobry-lato-2023-kostium-afryka-1.jpg","twitter_misc":{"Estimated reading time":"1 minute"},"schema":{"@context":"https:\/\/schema.org","@graph":[{"@type":"WebPage","@id":"https:\/\/dziendobrysklep.com\/en\/produkt\/one-piece-swimsuit-africa\/","url":"https:\/\/dziendobrysklep.com\/en\/produkt\/one-piece-swimsuit-africa\/","name":"One-piece swimsuit Africa - dziendobry store","isPartOf":{"@id":"https:\/\/dziendobrysklep.com\/en\/#website"},"datePublished":"2023-07-11T08:15:39+00:00","dateModified":"2023-07-11T08:15:39+00:00","breadcrumb":{"@id":"https:\/\/dziendobrysklep.com\/en\/produkt\/one-piece-swimsuit-africa\/#breadcrumb"},"inLanguage":"en-GB","potentialAction":[{"@type":"ReadAction","target":["https:\/\/dziendobrysklep.com\/en\/produkt\/one-piece-swimsuit-africa\/"]}]},{"@type":"BreadcrumbList","@id":"https:\/\/dziendobrysklep.com\/en\/produkt\/one-piece-swimsuit-africa\/#breadcrumb","itemListElement":[{"@type":"ListItem","position":1,"name":"Strona g\u0142\u00f3wna","item":"https:\/\/dziendobrysklep.com\/en\/"},{"@type":"ListItem","position":2,"name":"store","item":"https:\/\/dziendobrysklep.com\/en\/store\/"},{"@type":"ListItem","position":3,"name":"One-piece swimsuit Africa"}]},{"@type":"WebSite","@id":"https:\/\/dziendobrysklep.com\/en\/#website","url":"https:\/\/dziendobrysklep.com\/en\/","name":"dziendobry store","description":"dziendobry store \u2013 it is not just colourful clothing, but also a positive message that you can wear every day!","potentialAction":[{"@type":"SearchAction","target":{"@type":"EntryPoint","urlTemplate":"https:\/\/dziendobrysklep.com\/en\/?s={search_term_string}"},"query-input":"required name=search_term_string"}],"inLanguage":"en-GB"}]}},"_links":{"self":[{"href":"https:\/\/app.dziendobrysklep.com\/en\/wp-json\/wp\/v2\/product\/40354"}],"collection":[{"href":"https:\/\/app.dziendobrysklep.com\/en\/wp-json\/wp\/v2\/product"}],"about":[{"href":"https:\/\/app.dziendobrysklep.com\/en\/wp-json\/wp\/v2\/types\/product"}],"wp:featuredmedia":[{"embeddable":true,"href":"https:\/\/app.dziendobrysklep.com\/en\/wp-json\/"}],"wp:attachment":[{"href":"https:\/\/app.dziendobrysklep.com\/en\/wp-json\/wp\/v2\/media?parent=40354"}],"wp:term":[{"taxonomy":"product_cat","embeddable":true,"href":"https:\/\/app.dziendobrysklep.com\/en\/wp-json\/wp\/v2\/product_cat?post=40354"},{"taxonomy":"product_tag","embeddable":true,"href":"https:\/\/app.dziendobrysklep.com\/en\/wp-json\/wp\/v2\/product_tag?post=40354"}],"curies":[{"name":"wp","href":"https:\/\/api.w.org\/{rel}","templated":true}]}}