{"id":40341,"date":"2023-07-11T09:29:08","date_gmt":"2023-07-11T07:29:08","guid":{"rendered":"https:\/\/dziendobrysklep.com\/en\/?post_type=product&#038;p=40341"},"modified":"2023-07-11T09:34:06","modified_gmt":"2023-07-11T07:34:06","slug":"womens-bathrobe-herons","status":"publish","type":"product","link":"https:\/\/app.dziendobrysklep.com\/en\/produkt\/womens-bathrobe-herons\/","title":{"rendered":"Women&#8217;s bathrobe Herons"},"content":{"rendered":"<p>Women&#8217;s bathrobe Herons sometimes called peignoir, has already become a hit in the clothing collection from the day good. In our version, it is a universal cover that will be used right after getting out of bed, but will also allow you to stand out at an evening summer meeting. It fits just as well in combination with pajamas as with formal trousers as a cape. And this is thanks to juicy patterns and delicate bamboo fabric.<\/p>\n<p>When designing the bathrobe, we paid great attention to the choice of material from which it was sewn. That is why the choice fell on bamboo fabric, which is extremely pleasant to the touch, and because it belongs to natural products, it is also friendly to our skin and the environment. It is worth adding here that bamboo cultivation is not burdensome for the environment, and the particular vitality of the plant gives a high renewable resource of the raw material. Bamboo fabrics have thermal properties, during warm days the material will cool down, during cold days it will give more warmth. It protects against harmful UV radiation, absorbs moisture and is recommended for allergy sufferers.<\/p>\n<p>The cut of our bathrobe refers to its traditional form. We used a front consisting of two profiled, overlapping parts. At the waist we put a belt to tie. It is of medium length, depending on the height of the wearer, it will end around the knees. 7\/8 length sleeves.<\/p>\n<p>Women&#8217;s bathrobe Herons is available in sizes S, M and L. The size chart is available under the description.<\/p>\n<p>Composition: 100% bamboo with a weight of 170 g\/m<\/p>\n<p>We suggest machine washing at 30\u00baC (delicate program). Do not bleach and do not tumble dry. Ironing up to 150\u00baC with plenty of steam.<\/p>\n<p>Pattern was designed by Ja\u015bmina Parkita for Dzie\u0144dobry<\/p>\n<p>Designed in Poland, sewn in \u0141\u00f3d\u017a.<\/p>\n<p>The model is 170 cm tall and wears size S.<\/p>\n<ul>\n<li>In the case of clothes made of materials containing natural fibers (cotton, linen, viscose, bamboo), the natural process is the shrinkage of the material and this should be taken into account when choosing the size.<\/li>\n<li>The arrangement of the pattern on each copy is different, which means that the product you receive may differ from the one shown in the photos.<\/li>\n<li>The colors in the picture may slightly differ from the actual products depending on the preferences of the monitor.<\/li>\n<\/ul>\n","protected":false},"excerpt":{"rendered":"<p>Women&#8217;s bathrobe Herons sometimes called peignoir, has already become a hit in the clothing collection from the day good. In our version, it is a universal cover that will be used right after getting out of bed, but will also allow you to stand out at an evening summer meeting. It fits just as well&#8230;<\/p>\n","protected":false},"featured_media":100000115120,"template":"","meta":{"_acf_changed":false},"product_cat":[277,20],"product_tag":[],"acf":[],"yoast_head":"<!-- This site is optimized with the Yoast SEO plugin v21.9.1 - https:\/\/yoast.com\/wordpress\/plugins\/seo\/ -->\n<title>Women&#039;s bathrobe Herons - dziendobry store<\/title>\n<meta name=\"robots\" content=\"index, follow, max-snippet:-1, max-image-preview:large, max-video-preview:-1\" \/>\n<link rel=\"canonical\" href=\"https:\/\/dziendobrysklep.com\/en\/produkt\/womens-bathrobe-herons\/\" \/>\n<meta property=\"og:locale\" content=\"en_GB\" \/>\n<meta property=\"og:type\" content=\"article\" \/>\n<meta property=\"og:title\" content=\"Women&#039;s bathrobe Herons - dziendobry store\" \/>\n<meta property=\"og:description\" content=\"Women&#8217;s bathrobe Herons sometimes called peignoir, has already become a hit in the clothing collection from the day good. In our version, it is a universal cover that will be used right after getting out of bed, but will also allow you to stand out at an evening summer meeting. It fits just as well...\" \/>\n<meta property=\"og:url\" content=\"https:\/\/dziendobrysklep.com\/en\/produkt\/womens-bathrobe-herons\/\" \/>\n<meta property=\"og:site_name\" content=\"dziendobry store\" \/>\n<meta property=\"article:modified_time\" content=\"2023-07-11T07:34:06+00:00\" \/>\n<meta name=\"twitter:card\" content=\"summary_large_image\" \/>\n<meta name=\"twitter:image\" content=\"https:\/\/app.dziendobrysklep.com\/en\/wp-content\/uploads\/2022\/12\/dziendobry-zima-2022-2023-szlafrok-czaple-2-scaled.jpg\" \/>\n<meta name=\"twitter:label1\" content=\"Estimated reading time\" \/>\n\t<meta name=\"twitter:data1\" content=\"2 minutes\" \/>\n<script type=\"application\/ld+json\" class=\"yoast-schema-graph\">{\"@context\":\"https:\/\/schema.org\",\"@graph\":[{\"@type\":\"WebPage\",\"@id\":\"https:\/\/dziendobrysklep.com\/en\/produkt\/womens-bathrobe-herons\/\",\"url\":\"https:\/\/dziendobrysklep.com\/en\/produkt\/womens-bathrobe-herons\/\",\"name\":\"Women's bathrobe Herons - dziendobry store\",\"isPartOf\":{\"@id\":\"https:\/\/dziendobrysklep.com\/en\/#website\"},\"datePublished\":\"2023-07-11T07:29:08+00:00\",\"dateModified\":\"2023-07-11T07:34:06+00:00\",\"breadcrumb\":{\"@id\":\"https:\/\/dziendobrysklep.com\/en\/produkt\/womens-bathrobe-herons\/#breadcrumb\"},\"inLanguage\":\"en-GB\",\"potentialAction\":[{\"@type\":\"ReadAction\",\"target\":[\"https:\/\/dziendobrysklep.com\/en\/produkt\/womens-bathrobe-herons\/\"]}]},{\"@type\":\"BreadcrumbList\",\"@id\":\"https:\/\/dziendobrysklep.com\/en\/produkt\/womens-bathrobe-herons\/#breadcrumb\",\"itemListElement\":[{\"@type\":\"ListItem\",\"position\":1,\"name\":\"Strona g\u0142\u00f3wna\",\"item\":\"https:\/\/dziendobrysklep.com\/en\/\"},{\"@type\":\"ListItem\",\"position\":2,\"name\":\"store\",\"item\":\"https:\/\/dziendobrysklep.com\/en\/store\/\"},{\"@type\":\"ListItem\",\"position\":3,\"name\":\"Women&#8217;s bathrobe Herons\"}]},{\"@type\":\"WebSite\",\"@id\":\"https:\/\/dziendobrysklep.com\/en\/#website\",\"url\":\"https:\/\/dziendobrysklep.com\/en\/\",\"name\":\"dziendobry store\",\"description\":\"dziendobry store \u2013 it is not just colourful clothing, but also a positive message that you can wear every day!\",\"potentialAction\":[{\"@type\":\"SearchAction\",\"target\":{\"@type\":\"EntryPoint\",\"urlTemplate\":\"https:\/\/dziendobrysklep.com\/en\/?s={search_term_string}\"},\"query-input\":\"required name=search_term_string\"}],\"inLanguage\":\"en-GB\"}]}<\/script>\n<!-- \/ Yoast SEO plugin. -->","yoast_head_json":{"title":"Women's bathrobe Herons - dziendobry store","robots":{"index":"index","follow":"follow","max-snippet":"max-snippet:-1","max-image-preview":"max-image-preview:large","max-video-preview":"max-video-preview:-1"},"canonical":"https:\/\/dziendobrysklep.com\/en\/produkt\/womens-bathrobe-herons\/","og_locale":"en_GB","og_type":"article","og_title":"Women's bathrobe Herons - dziendobry store","og_description":"Women&#8217;s bathrobe Herons sometimes called peignoir, has already become a hit in the clothing collection from the day good. In our version, it is a universal cover that will be used right after getting out of bed, but will also allow you to stand out at an evening summer meeting. It fits just as well...","og_url":"https:\/\/dziendobrysklep.com\/en\/produkt\/womens-bathrobe-herons\/","og_site_name":"dziendobry store","article_modified_time":"2023-07-11T07:34:06+00:00","twitter_card":"summary_large_image","twitter_image":"https:\/\/app.dziendobrysklep.com\/en\/wp-content\/uploads\/2022\/12\/dziendobry-zima-2022-2023-szlafrok-czaple-2-scaled.jpg","twitter_misc":{"Estimated reading time":"2 minutes"},"schema":{"@context":"https:\/\/schema.org","@graph":[{"@type":"WebPage","@id":"https:\/\/dziendobrysklep.com\/en\/produkt\/womens-bathrobe-herons\/","url":"https:\/\/dziendobrysklep.com\/en\/produkt\/womens-bathrobe-herons\/","name":"Women's bathrobe Herons - dziendobry store","isPartOf":{"@id":"https:\/\/dziendobrysklep.com\/en\/#website"},"datePublished":"2023-07-11T07:29:08+00:00","dateModified":"2023-07-11T07:34:06+00:00","breadcrumb":{"@id":"https:\/\/dziendobrysklep.com\/en\/produkt\/womens-bathrobe-herons\/#breadcrumb"},"inLanguage":"en-GB","potentialAction":[{"@type":"ReadAction","target":["https:\/\/dziendobrysklep.com\/en\/produkt\/womens-bathrobe-herons\/"]}]},{"@type":"BreadcrumbList","@id":"https:\/\/dziendobrysklep.com\/en\/produkt\/womens-bathrobe-herons\/#breadcrumb","itemListElement":[{"@type":"ListItem","position":1,"name":"Strona g\u0142\u00f3wna","item":"https:\/\/dziendobrysklep.com\/en\/"},{"@type":"ListItem","position":2,"name":"store","item":"https:\/\/dziendobrysklep.com\/en\/store\/"},{"@type":"ListItem","position":3,"name":"Women&#8217;s bathrobe Herons"}]},{"@type":"WebSite","@id":"https:\/\/dziendobrysklep.com\/en\/#website","url":"https:\/\/dziendobrysklep.com\/en\/","name":"dziendobry store","description":"dziendobry store \u2013 it is not just colourful clothing, but also a positive message that you can wear every day!","potentialAction":[{"@type":"SearchAction","target":{"@type":"EntryPoint","urlTemplate":"https:\/\/dziendobrysklep.com\/en\/?s={search_term_string}"},"query-input":"required name=search_term_string"}],"inLanguage":"en-GB"}]}},"_links":{"self":[{"href":"https:\/\/app.dziendobrysklep.com\/en\/wp-json\/wp\/v2\/product\/40341"}],"collection":[{"href":"https:\/\/app.dziendobrysklep.com\/en\/wp-json\/wp\/v2\/product"}],"about":[{"href":"https:\/\/app.dziendobrysklep.com\/en\/wp-json\/wp\/v2\/types\/product"}],"wp:featuredmedia":[{"embeddable":true,"href":"https:\/\/app.dziendobrysklep.com\/en\/wp-json\/"}],"wp:attachment":[{"href":"https:\/\/app.dziendobrysklep.com\/en\/wp-json\/wp\/v2\/media?parent=40341"}],"wp:term":[{"taxonomy":"product_cat","embeddable":true,"href":"https:\/\/app.dziendobrysklep.com\/en\/wp-json\/wp\/v2\/product_cat?post=40341"},{"taxonomy":"product_tag","embeddable":true,"href":"https:\/\/app.dziendobrysklep.com\/en\/wp-json\/wp\/v2\/product_tag?post=40341"}],"curies":[{"name":"wp","href":"https:\/\/api.w.org\/{rel}","templated":true}]}}