{"id":40279,"date":"2023-07-11T08:12:33","date_gmt":"2023-07-11T06:12:33","guid":{"rendered":"https:\/\/dziendobrysklep.com\/en\/?post_type=product&#038;p=40279"},"modified":"2023-07-11T08:21:19","modified_gmt":"2023-07-11T06:21:19","slug":"mens-hoodie-ceylon","status":"publish","type":"product","link":"https:\/\/app.dziendobrysklep.com\/en\/produkt\/mens-hoodie-ceylon\/","title":{"rendered":"Men&#8217;s hoodie Ceylon"},"content":{"rendered":"<p>Men&#8217;s hoodie with a Ceylon pattern.<\/p>\n<p>Classic men&#8217;s sweatshirt, simple and put on over the head, with a hood. We chose this comfortable and valued cut to combine it with our unique pattern. For this project, we used a cotton fabric with scratching &#8211; the so-called teddy bear on the inside. Thanks to it, the sweatshirt is pleasant to the touch and warm.<\/p>\n<p>The bottom of the sweatshirt and cuffs are finished with a welt matched in color to the pattern on the sweatshirt. In the case of the Ceylon print, the welt is black. The large double-knit hood can even replace a hat. Pockets, as in our classic hoodie, are placed in the side seams.<\/p>\n<p>\u2013 We recommend machine washing at 30\u00b0C inside out, a program dedicated to delicate fabrics and\/or a reduced spin speed would be best.<\/p>\n<p>\u2013 100% designed and manufactured in Poland, in \u0141\u00f3d\u017a.<\/p>\n<p>\u2013 Composition: 95% cotton, 5% elastane. Sweatshirt fabric with a weight of 260g.<\/p>\n<p>\u2013 Cotton fabric may shrink up to 5% in the first wash.<\/p>\n<p>The Ceylon men&#8217;s hoodie in the photos is in size L and the model is 185 cm tall.<\/p>\n<ul>\n<li>In the case of clothes made of materials containing natural fibers (cotton, linen, viscose, bamboo), the natural process is the shrinkage of the material and this should be taken into account when choosing the size.<\/li>\n<li>The arrangement of the pattern on each copy is different, which means that the product you receive may differ from the one shown in the photos.<\/li>\n<li>The colors in the picture may slightly differ from the actual products depending on the preferences of the monitor.<\/li>\n<\/ul>\n","protected":false},"excerpt":{"rendered":"<p>Men&#8217;s hoodie with a Ceylon pattern. Classic men&#8217;s sweatshirt, simple and put on over the head, with a hood. We chose this comfortable and valued cut to combine it with our unique pattern. For this project, we used a cotton fabric with scratching &#8211; the so-called teddy bear on the inside. Thanks to it, the&#8230;<\/p>\n","protected":false},"featured_media":100000128767,"template":"","meta":{"_acf_changed":false},"product_cat":[187,40,279],"product_tag":[],"acf":[],"yoast_head":"<!-- This site is optimized with the Yoast SEO plugin v21.9.1 - https:\/\/yoast.com\/wordpress\/plugins\/seo\/ -->\n<title>Men&#039;s hoodie Ceylon - dziendobry store<\/title>\n<meta name=\"robots\" content=\"index, follow, max-snippet:-1, max-image-preview:large, max-video-preview:-1\" \/>\n<link rel=\"canonical\" href=\"https:\/\/dziendobrysklep.com\/en\/produkt\/mens-hoodie-ceylon\/\" \/>\n<meta property=\"og:locale\" content=\"en_GB\" \/>\n<meta property=\"og:type\" content=\"article\" \/>\n<meta property=\"og:title\" content=\"Men&#039;s hoodie Ceylon - dziendobry store\" \/>\n<meta property=\"og:description\" content=\"Men&#8217;s hoodie with a Ceylon pattern. Classic men&#8217;s sweatshirt, simple and put on over the head, with a hood. We chose this comfortable and valued cut to combine it with our unique pattern. For this project, we used a cotton fabric with scratching &#8211; the so-called teddy bear on the inside. Thanks to it, the...\" \/>\n<meta property=\"og:url\" content=\"https:\/\/dziendobrysklep.com\/en\/produkt\/mens-hoodie-ceylon\/\" \/>\n<meta property=\"og:site_name\" content=\"dziendobry store\" \/>\n<meta property=\"article:modified_time\" content=\"2023-07-11T06:21:19+00:00\" \/>\n<meta name=\"twitter:card\" content=\"summary_large_image\" \/>\n<meta name=\"twitter:image\" content=\"https:\/\/app.dziendobrysklep.com\/en\/wp-content\/uploads\/2023\/03\/dziendobry-wiosna-2023-bluza-hoodie-ceylon-8.jpg\" \/>\n<meta name=\"twitter:label1\" content=\"Estimated reading time\" \/>\n\t<meta name=\"twitter:data1\" content=\"2 minutes\" \/>\n<script type=\"application\/ld+json\" class=\"yoast-schema-graph\">{\"@context\":\"https:\/\/schema.org\",\"@graph\":[{\"@type\":\"WebPage\",\"@id\":\"https:\/\/dziendobrysklep.com\/en\/produkt\/mens-hoodie-ceylon\/\",\"url\":\"https:\/\/dziendobrysklep.com\/en\/produkt\/mens-hoodie-ceylon\/\",\"name\":\"Men's hoodie Ceylon - dziendobry store\",\"isPartOf\":{\"@id\":\"https:\/\/dziendobrysklep.com\/en\/#website\"},\"datePublished\":\"2023-07-11T06:12:33+00:00\",\"dateModified\":\"2023-07-11T06:21:19+00:00\",\"breadcrumb\":{\"@id\":\"https:\/\/dziendobrysklep.com\/en\/produkt\/mens-hoodie-ceylon\/#breadcrumb\"},\"inLanguage\":\"en-GB\",\"potentialAction\":[{\"@type\":\"ReadAction\",\"target\":[\"https:\/\/dziendobrysklep.com\/en\/produkt\/mens-hoodie-ceylon\/\"]}]},{\"@type\":\"BreadcrumbList\",\"@id\":\"https:\/\/dziendobrysklep.com\/en\/produkt\/mens-hoodie-ceylon\/#breadcrumb\",\"itemListElement\":[{\"@type\":\"ListItem\",\"position\":1,\"name\":\"Strona g\u0142\u00f3wna\",\"item\":\"https:\/\/dziendobrysklep.com\/en\/\"},{\"@type\":\"ListItem\",\"position\":2,\"name\":\"store\",\"item\":\"https:\/\/dziendobrysklep.com\/en\/store\/\"},{\"@type\":\"ListItem\",\"position\":3,\"name\":\"Men&#8217;s hoodie Ceylon\"}]},{\"@type\":\"WebSite\",\"@id\":\"https:\/\/dziendobrysklep.com\/en\/#website\",\"url\":\"https:\/\/dziendobrysklep.com\/en\/\",\"name\":\"dziendobry store\",\"description\":\"dziendobry store \u2013 it is not just colourful clothing, but also a positive message that you can wear every day!\",\"potentialAction\":[{\"@type\":\"SearchAction\",\"target\":{\"@type\":\"EntryPoint\",\"urlTemplate\":\"https:\/\/dziendobrysklep.com\/en\/?s={search_term_string}\"},\"query-input\":\"required name=search_term_string\"}],\"inLanguage\":\"en-GB\"}]}<\/script>\n<!-- \/ Yoast SEO plugin. -->","yoast_head_json":{"title":"Men's hoodie Ceylon - dziendobry store","robots":{"index":"index","follow":"follow","max-snippet":"max-snippet:-1","max-image-preview":"max-image-preview:large","max-video-preview":"max-video-preview:-1"},"canonical":"https:\/\/dziendobrysklep.com\/en\/produkt\/mens-hoodie-ceylon\/","og_locale":"en_GB","og_type":"article","og_title":"Men's hoodie Ceylon - dziendobry store","og_description":"Men&#8217;s hoodie with a Ceylon pattern. Classic men&#8217;s sweatshirt, simple and put on over the head, with a hood. We chose this comfortable and valued cut to combine it with our unique pattern. For this project, we used a cotton fabric with scratching &#8211; the so-called teddy bear on the inside. Thanks to it, the...","og_url":"https:\/\/dziendobrysklep.com\/en\/produkt\/mens-hoodie-ceylon\/","og_site_name":"dziendobry store","article_modified_time":"2023-07-11T06:21:19+00:00","twitter_card":"summary_large_image","twitter_image":"https:\/\/app.dziendobrysklep.com\/en\/wp-content\/uploads\/2023\/03\/dziendobry-wiosna-2023-bluza-hoodie-ceylon-8.jpg","twitter_misc":{"Estimated reading time":"2 minutes"},"schema":{"@context":"https:\/\/schema.org","@graph":[{"@type":"WebPage","@id":"https:\/\/dziendobrysklep.com\/en\/produkt\/mens-hoodie-ceylon\/","url":"https:\/\/dziendobrysklep.com\/en\/produkt\/mens-hoodie-ceylon\/","name":"Men's hoodie Ceylon - dziendobry store","isPartOf":{"@id":"https:\/\/dziendobrysklep.com\/en\/#website"},"datePublished":"2023-07-11T06:12:33+00:00","dateModified":"2023-07-11T06:21:19+00:00","breadcrumb":{"@id":"https:\/\/dziendobrysklep.com\/en\/produkt\/mens-hoodie-ceylon\/#breadcrumb"},"inLanguage":"en-GB","potentialAction":[{"@type":"ReadAction","target":["https:\/\/dziendobrysklep.com\/en\/produkt\/mens-hoodie-ceylon\/"]}]},{"@type":"BreadcrumbList","@id":"https:\/\/dziendobrysklep.com\/en\/produkt\/mens-hoodie-ceylon\/#breadcrumb","itemListElement":[{"@type":"ListItem","position":1,"name":"Strona g\u0142\u00f3wna","item":"https:\/\/dziendobrysklep.com\/en\/"},{"@type":"ListItem","position":2,"name":"store","item":"https:\/\/dziendobrysklep.com\/en\/store\/"},{"@type":"ListItem","position":3,"name":"Men&#8217;s hoodie Ceylon"}]},{"@type":"WebSite","@id":"https:\/\/dziendobrysklep.com\/en\/#website","url":"https:\/\/dziendobrysklep.com\/en\/","name":"dziendobry store","description":"dziendobry store \u2013 it is not just colourful clothing, but also a positive message that you can wear every day!","potentialAction":[{"@type":"SearchAction","target":{"@type":"EntryPoint","urlTemplate":"https:\/\/dziendobrysklep.com\/en\/?s={search_term_string}"},"query-input":"required name=search_term_string"}],"inLanguage":"en-GB"}]}},"_links":{"self":[{"href":"https:\/\/app.dziendobrysklep.com\/en\/wp-json\/wp\/v2\/product\/40279"}],"collection":[{"href":"https:\/\/app.dziendobrysklep.com\/en\/wp-json\/wp\/v2\/product"}],"about":[{"href":"https:\/\/app.dziendobrysklep.com\/en\/wp-json\/wp\/v2\/types\/product"}],"wp:featuredmedia":[{"embeddable":true,"href":"https:\/\/app.dziendobrysklep.com\/en\/wp-json\/"}],"wp:attachment":[{"href":"https:\/\/app.dziendobrysklep.com\/en\/wp-json\/wp\/v2\/media?parent=40279"}],"wp:term":[{"taxonomy":"product_cat","embeddable":true,"href":"https:\/\/app.dziendobrysklep.com\/en\/wp-json\/wp\/v2\/product_cat?post=40279"},{"taxonomy":"product_tag","embeddable":true,"href":"https:\/\/app.dziendobrysklep.com\/en\/wp-json\/wp\/v2\/product_tag?post=40279"}],"curies":[{"name":"wp","href":"https:\/\/api.w.org\/{rel}","templated":true}]}}