{"id":40210,"date":"2023-07-11T02:21:44","date_gmt":"2023-07-11T00:21:44","guid":{"rendered":"https:\/\/dziendobrysklep.com\/en\/?post_type=product&#038;p=40210"},"modified":"2023-07-11T06:58:37","modified_gmt":"2023-07-11T04:58:37","slug":"strappy-top-english-rose","status":"publish","type":"product","link":"https:\/\/app.dziendobrysklep.com\/en\/produkt\/strappy-top-english-rose\/","title":{"rendered":"strappy top English Rose"},"content":{"rendered":"<p>English Rose print strappy top<\/p>\n<p>We made the T-shirt from thin and airy viscose, exactly the same as your favorite summer dresses. We used a free cut, thanks to which the top is perfect for hot days. Thin straps with the possibility of adjusting their length will make it easier to adjust to the figure.<\/p>\n<p>Top entirely designed and manufactured in Poland in \u0141\u00f3d\u017a.<\/p>\n<p>The original print was designed for dziendobry Ja\u015bmina Parkita.<\/p>\n<p>We suggest gentle washing using lower spins or hand<\/p>\n","protected":false},"excerpt":{"rendered":"<p>English Rose print strappy top We made the T-shirt from thin and airy viscose, exactly the same as your favorite summer dresses. We used a free cut, thanks to which the top is perfect for hot days. Thin straps with the possibility of adjusting their length will make it easier to adjust to the figure&#8230;.<\/p>\n","protected":false},"featured_media":100000148839,"template":"","meta":{"_acf_changed":false},"product_cat":[20,62],"product_tag":[],"acf":[],"yoast_head":"<!-- This site is optimized with the Yoast SEO plugin v21.9.1 - https:\/\/yoast.com\/wordpress\/plugins\/seo\/ -->\n<title>Oversized t-shirt of kimono cut Tropical Night from dziendobry<\/title>\n<meta name=\"description\" content=\"Oversized t-shirt of kimono cut Tropical Night with boat neckline and rolled up sleeves. Positive energy should surround you every day!\" \/>\n<meta name=\"robots\" content=\"index, follow, max-snippet:-1, max-image-preview:large, max-video-preview:-1\" \/>\n<link rel=\"canonical\" href=\"https:\/\/dziendobrysklep.com\/en\/produkt\/strappy-top-english-rose\/\" \/>\n<meta property=\"og:locale\" content=\"en_GB\" \/>\n<meta property=\"og:type\" content=\"article\" \/>\n<meta property=\"og:title\" content=\"Oversized t-shirt of kimono cut Tropical Night from dziendobry\" \/>\n<meta property=\"og:description\" content=\"Oversized t-shirt of kimono cut Tropical Night with boat neckline and rolled up sleeves. Positive energy should surround you every day!\" \/>\n<meta property=\"og:url\" content=\"https:\/\/dziendobrysklep.com\/en\/produkt\/strappy-top-english-rose\/\" \/>\n<meta property=\"og:site_name\" content=\"dziendobry store\" \/>\n<meta property=\"article:modified_time\" content=\"2023-07-11T04:58:37+00:00\" \/>\n<meta name=\"twitter:card\" content=\"summary_large_image\" \/>\n<meta name=\"twitter:image\" content=\"https:\/\/app.dziendobrysklep.com\/en\/wp-content\/uploads\/2023\/06\/dziendobry-lato-2023-top-na-ramiaczkach-angielska-roza-3.jpg\" \/>\n<meta name=\"twitter:label1\" content=\"Estimated reading time\" \/>\n\t<meta name=\"twitter:data1\" content=\"1 minute\" \/>\n<script type=\"application\/ld+json\" class=\"yoast-schema-graph\">{\"@context\":\"https:\/\/schema.org\",\"@graph\":[{\"@type\":\"WebPage\",\"@id\":\"https:\/\/dziendobrysklep.com\/en\/produkt\/strappy-top-english-rose\/\",\"url\":\"https:\/\/dziendobrysklep.com\/en\/produkt\/strappy-top-english-rose\/\",\"name\":\"Oversized t-shirt of kimono cut Tropical Night from dziendobry\",\"isPartOf\":{\"@id\":\"https:\/\/dziendobrysklep.com\/en\/#website\"},\"datePublished\":\"2023-07-11T00:21:44+00:00\",\"dateModified\":\"2023-07-11T04:58:37+00:00\",\"description\":\"Oversized t-shirt of kimono cut Tropical Night with boat neckline and rolled up sleeves. Positive energy should surround you every day!\",\"breadcrumb\":{\"@id\":\"https:\/\/dziendobrysklep.com\/en\/produkt\/strappy-top-english-rose\/#breadcrumb\"},\"inLanguage\":\"en-GB\",\"potentialAction\":[{\"@type\":\"ReadAction\",\"target\":[\"https:\/\/dziendobrysklep.com\/en\/produkt\/strappy-top-english-rose\/\"]}]},{\"@type\":\"BreadcrumbList\",\"@id\":\"https:\/\/dziendobrysklep.com\/en\/produkt\/strappy-top-english-rose\/#breadcrumb\",\"itemListElement\":[{\"@type\":\"ListItem\",\"position\":1,\"name\":\"Strona g\u0142\u00f3wna\",\"item\":\"https:\/\/dziendobrysklep.com\/en\/\"},{\"@type\":\"ListItem\",\"position\":2,\"name\":\"store\",\"item\":\"https:\/\/dziendobrysklep.com\/en\/store\/\"},{\"@type\":\"ListItem\",\"position\":3,\"name\":\"strappy top English Rose\"}]},{\"@type\":\"WebSite\",\"@id\":\"https:\/\/dziendobrysklep.com\/en\/#website\",\"url\":\"https:\/\/dziendobrysklep.com\/en\/\",\"name\":\"dziendobry store\",\"description\":\"dziendobry store \u2013 it is not just colourful clothing, but also a positive message that you can wear every day!\",\"potentialAction\":[{\"@type\":\"SearchAction\",\"target\":{\"@type\":\"EntryPoint\",\"urlTemplate\":\"https:\/\/dziendobrysklep.com\/en\/?s={search_term_string}\"},\"query-input\":\"required name=search_term_string\"}],\"inLanguage\":\"en-GB\"}]}<\/script>\n<!-- \/ Yoast SEO plugin. -->","yoast_head_json":{"title":"Oversized t-shirt of kimono cut Tropical Night from dziendobry","description":"Oversized t-shirt of kimono cut Tropical Night with boat neckline and rolled up sleeves. Positive energy should surround you every day!","robots":{"index":"index","follow":"follow","max-snippet":"max-snippet:-1","max-image-preview":"max-image-preview:large","max-video-preview":"max-video-preview:-1"},"canonical":"https:\/\/dziendobrysklep.com\/en\/produkt\/strappy-top-english-rose\/","og_locale":"en_GB","og_type":"article","og_title":"Oversized t-shirt of kimono cut Tropical Night from dziendobry","og_description":"Oversized t-shirt of kimono cut Tropical Night with boat neckline and rolled up sleeves. Positive energy should surround you every day!","og_url":"https:\/\/dziendobrysklep.com\/en\/produkt\/strappy-top-english-rose\/","og_site_name":"dziendobry store","article_modified_time":"2023-07-11T04:58:37+00:00","twitter_card":"summary_large_image","twitter_image":"https:\/\/app.dziendobrysklep.com\/en\/wp-content\/uploads\/2023\/06\/dziendobry-lato-2023-top-na-ramiaczkach-angielska-roza-3.jpg","twitter_misc":{"Estimated reading time":"1 minute"},"schema":{"@context":"https:\/\/schema.org","@graph":[{"@type":"WebPage","@id":"https:\/\/dziendobrysklep.com\/en\/produkt\/strappy-top-english-rose\/","url":"https:\/\/dziendobrysklep.com\/en\/produkt\/strappy-top-english-rose\/","name":"Oversized t-shirt of kimono cut Tropical Night from dziendobry","isPartOf":{"@id":"https:\/\/dziendobrysklep.com\/en\/#website"},"datePublished":"2023-07-11T00:21:44+00:00","dateModified":"2023-07-11T04:58:37+00:00","description":"Oversized t-shirt of kimono cut Tropical Night with boat neckline and rolled up sleeves. Positive energy should surround you every day!","breadcrumb":{"@id":"https:\/\/dziendobrysklep.com\/en\/produkt\/strappy-top-english-rose\/#breadcrumb"},"inLanguage":"en-GB","potentialAction":[{"@type":"ReadAction","target":["https:\/\/dziendobrysklep.com\/en\/produkt\/strappy-top-english-rose\/"]}]},{"@type":"BreadcrumbList","@id":"https:\/\/dziendobrysklep.com\/en\/produkt\/strappy-top-english-rose\/#breadcrumb","itemListElement":[{"@type":"ListItem","position":1,"name":"Strona g\u0142\u00f3wna","item":"https:\/\/dziendobrysklep.com\/en\/"},{"@type":"ListItem","position":2,"name":"store","item":"https:\/\/dziendobrysklep.com\/en\/store\/"},{"@type":"ListItem","position":3,"name":"strappy top English Rose"}]},{"@type":"WebSite","@id":"https:\/\/dziendobrysklep.com\/en\/#website","url":"https:\/\/dziendobrysklep.com\/en\/","name":"dziendobry store","description":"dziendobry store \u2013 it is not just colourful clothing, but also a positive message that you can wear every day!","potentialAction":[{"@type":"SearchAction","target":{"@type":"EntryPoint","urlTemplate":"https:\/\/dziendobrysklep.com\/en\/?s={search_term_string}"},"query-input":"required name=search_term_string"}],"inLanguage":"en-GB"}]}},"_links":{"self":[{"href":"https:\/\/app.dziendobrysklep.com\/en\/wp-json\/wp\/v2\/product\/40210"}],"collection":[{"href":"https:\/\/app.dziendobrysklep.com\/en\/wp-json\/wp\/v2\/product"}],"about":[{"href":"https:\/\/app.dziendobrysklep.com\/en\/wp-json\/wp\/v2\/types\/product"}],"wp:featuredmedia":[{"embeddable":true,"href":"https:\/\/app.dziendobrysklep.com\/en\/wp-json\/"}],"wp:attachment":[{"href":"https:\/\/app.dziendobrysklep.com\/en\/wp-json\/wp\/v2\/media?parent=40210"}],"wp:term":[{"taxonomy":"product_cat","embeddable":true,"href":"https:\/\/app.dziendobrysklep.com\/en\/wp-json\/wp\/v2\/product_cat?post=40210"},{"taxonomy":"product_tag","embeddable":true,"href":"https:\/\/app.dziendobrysklep.com\/en\/wp-json\/wp\/v2\/product_tag?post=40210"}],"curies":[{"name":"wp","href":"https:\/\/api.w.org\/{rel}","templated":true}]}}