{"id":40130,"date":"2023-07-10T22:51:26","date_gmt":"2023-07-10T20:51:26","guid":{"rendered":"https:\/\/dziendobrysklep.com\/en\/?post_type=product&#038;p=40130"},"modified":"2023-07-10T23:44:49","modified_gmt":"2023-07-10T21:44:49","slug":"cape-with-a-hood-heron","status":"publish","type":"product","link":"https:\/\/app.dziendobrysklep.com\/en\/produkt\/cape-with-a-hood-heron\/","title":{"rendered":"Cape with a hood Heron"},"content":{"rendered":"<p>Cape with a hood in the Heron pattern this sweatshirt was created in the form of an unbuttoned cape. We sewed it from a brushed sweatshirt, which is characterized by a bear-shaped bottom.<\/p>\n<p>The front of the cape consists of two parts that overlap each other. Both are made of a double layer of material, which makes the sweatshirt warm. You can tie the sweatshirt with a belt. We added belt loops to put the belt through.<\/p>\n<p>The hood in the cape gives the cape a unique character and at the same time increases its functional qualities. Thanks to the length we choose, the cape can successfully replace a jacket on a holiday trip or an evening meeting in the garden.<\/p>\n<p>Herons will match the city streets as well as the tropical beach, thanks to this pattern the cape with a hood becomes an inseparable part of our wardrobe.<\/p>\n<p>Machine washable at 40\u00b0C inside out &#8211; the more delicate the washing program, the better for the sweatshirt, we also recommend liquids for washing dark clothes<\/p>\n<p>100% designed and manufactured in Poland in \u0141\u00f3d\u017a<\/p>\n<p>\u2013 Composition: 100% cotton.<\/p>\n<p>\u2013 Cotton fabric may shrink up to 5% in the first wash.<\/p>\n<p>The model is 168 cm tall and wears size S.<\/p>\n<ul>\n<li>In the case of clothes made of materials containing natural fibers (cotton, linen, viscose, bamboo), a typical process is the shrinkage of the material. This feature should be taken into account when choosing the size.<\/li>\n<li>The arrangement of the pattern on each copy is different, which means that the product you receive may differ from the one shown in the photos.<\/li>\n<li>The colors in the picture may differ from the actual products depending on the preferences of the monitor.<\/li>\n<\/ul>\n","protected":false},"excerpt":{"rendered":"<p>Cape with a hood in the Heron pattern this sweatshirt was created in the form of an unbuttoned cape. We sewed it from a brushed sweatshirt, which is characterized by a bear-shaped bottom. The front of the cape consists of two parts that overlap each other. Both are made of a double layer of material,&#8230;<\/p>\n","protected":false},"featured_media":100000126465,"template":"","meta":{"_acf_changed":false},"product_cat":[20,39],"product_tag":[41,42,43,44,152,45,46],"acf":[],"yoast_head":"<!-- This site is optimized with the Yoast SEO plugin v21.9.1 - https:\/\/yoast.com\/wordpress\/plugins\/seo\/ -->\n<title>Cape with a hood Heron from dziendobry<\/title>\n<meta name=\"robots\" content=\"index, follow, max-snippet:-1, max-image-preview:large, max-video-preview:-1\" \/>\n<link rel=\"canonical\" href=\"https:\/\/dziendobrysklep.com\/en\/produkt\/cape-with-a-hood-heron\/\" \/>\n<meta property=\"og:locale\" content=\"en_GB\" \/>\n<meta property=\"og:type\" content=\"article\" \/>\n<meta property=\"og:title\" content=\"Cape with a hood Heron from dziendobry\" \/>\n<meta property=\"og:description\" content=\"Cape with a hood in the Heron pattern this sweatshirt was created in the form of an unbuttoned cape. We sewed it from a brushed sweatshirt, which is characterized by a bear-shaped bottom. The front of the cape consists of two parts that overlap each other. Both are made of a double layer of material,...\" \/>\n<meta property=\"og:url\" content=\"https:\/\/dziendobrysklep.com\/en\/produkt\/cape-with-a-hood-heron\/\" \/>\n<meta property=\"og:site_name\" content=\"dziendobry store\" \/>\n<meta property=\"article:modified_time\" content=\"2023-07-10T21:44:49+00:00\" \/>\n<meta name=\"twitter:card\" content=\"summary_large_image\" \/>\n<meta name=\"twitter:image\" content=\"https:\/\/app.dziendobrysklep.com\/en\/wp-content\/uploads\/2023\/03\/dziendobry-wiosna-2023-bluza-narzutka-czaple-5.jpg\" \/>\n<meta name=\"twitter:label1\" content=\"Estimated reading time\" \/>\n\t<meta name=\"twitter:data1\" content=\"2 minutes\" \/>\n<script type=\"application\/ld+json\" class=\"yoast-schema-graph\">{\"@context\":\"https:\/\/schema.org\",\"@graph\":[{\"@type\":\"WebPage\",\"@id\":\"https:\/\/dziendobrysklep.com\/en\/produkt\/cape-with-a-hood-heron\/\",\"url\":\"https:\/\/dziendobrysklep.com\/en\/produkt\/cape-with-a-hood-heron\/\",\"name\":\"Cape with a hood Heron from dziendobry\",\"isPartOf\":{\"@id\":\"https:\/\/dziendobrysklep.com\/en\/#website\"},\"datePublished\":\"2023-07-10T20:51:26+00:00\",\"dateModified\":\"2023-07-10T21:44:49+00:00\",\"breadcrumb\":{\"@id\":\"https:\/\/dziendobrysklep.com\/en\/produkt\/cape-with-a-hood-heron\/#breadcrumb\"},\"inLanguage\":\"en-GB\",\"potentialAction\":[{\"@type\":\"ReadAction\",\"target\":[\"https:\/\/dziendobrysklep.com\/en\/produkt\/cape-with-a-hood-heron\/\"]}]},{\"@type\":\"BreadcrumbList\",\"@id\":\"https:\/\/dziendobrysklep.com\/en\/produkt\/cape-with-a-hood-heron\/#breadcrumb\",\"itemListElement\":[{\"@type\":\"ListItem\",\"position\":1,\"name\":\"Strona g\u0142\u00f3wna\",\"item\":\"https:\/\/dziendobrysklep.com\/en\/\"},{\"@type\":\"ListItem\",\"position\":2,\"name\":\"store\",\"item\":\"https:\/\/dziendobrysklep.com\/en\/store\/\"},{\"@type\":\"ListItem\",\"position\":3,\"name\":\"Cape with a hood Heron\"}]},{\"@type\":\"WebSite\",\"@id\":\"https:\/\/dziendobrysklep.com\/en\/#website\",\"url\":\"https:\/\/dziendobrysklep.com\/en\/\",\"name\":\"dziendobry store\",\"description\":\"dziendobry store \u2013 it is not just colourful clothing, but also a positive message that you can wear every day!\",\"potentialAction\":[{\"@type\":\"SearchAction\",\"target\":{\"@type\":\"EntryPoint\",\"urlTemplate\":\"https:\/\/dziendobrysklep.com\/en\/?s={search_term_string}\"},\"query-input\":\"required name=search_term_string\"}],\"inLanguage\":\"en-GB\"}]}<\/script>\n<!-- \/ Yoast SEO plugin. -->","yoast_head_json":{"title":"Cape with a hood Heron from dziendobry","robots":{"index":"index","follow":"follow","max-snippet":"max-snippet:-1","max-image-preview":"max-image-preview:large","max-video-preview":"max-video-preview:-1"},"canonical":"https:\/\/dziendobrysklep.com\/en\/produkt\/cape-with-a-hood-heron\/","og_locale":"en_GB","og_type":"article","og_title":"Cape with a hood Heron from dziendobry","og_description":"Cape with a hood in the Heron pattern this sweatshirt was created in the form of an unbuttoned cape. We sewed it from a brushed sweatshirt, which is characterized by a bear-shaped bottom. The front of the cape consists of two parts that overlap each other. Both are made of a double layer of material,...","og_url":"https:\/\/dziendobrysklep.com\/en\/produkt\/cape-with-a-hood-heron\/","og_site_name":"dziendobry store","article_modified_time":"2023-07-10T21:44:49+00:00","twitter_card":"summary_large_image","twitter_image":"https:\/\/app.dziendobrysklep.com\/en\/wp-content\/uploads\/2023\/03\/dziendobry-wiosna-2023-bluza-narzutka-czaple-5.jpg","twitter_misc":{"Estimated reading time":"2 minutes"},"schema":{"@context":"https:\/\/schema.org","@graph":[{"@type":"WebPage","@id":"https:\/\/dziendobrysklep.com\/en\/produkt\/cape-with-a-hood-heron\/","url":"https:\/\/dziendobrysklep.com\/en\/produkt\/cape-with-a-hood-heron\/","name":"Cape with a hood Heron from dziendobry","isPartOf":{"@id":"https:\/\/dziendobrysklep.com\/en\/#website"},"datePublished":"2023-07-10T20:51:26+00:00","dateModified":"2023-07-10T21:44:49+00:00","breadcrumb":{"@id":"https:\/\/dziendobrysklep.com\/en\/produkt\/cape-with-a-hood-heron\/#breadcrumb"},"inLanguage":"en-GB","potentialAction":[{"@type":"ReadAction","target":["https:\/\/dziendobrysklep.com\/en\/produkt\/cape-with-a-hood-heron\/"]}]},{"@type":"BreadcrumbList","@id":"https:\/\/dziendobrysklep.com\/en\/produkt\/cape-with-a-hood-heron\/#breadcrumb","itemListElement":[{"@type":"ListItem","position":1,"name":"Strona g\u0142\u00f3wna","item":"https:\/\/dziendobrysklep.com\/en\/"},{"@type":"ListItem","position":2,"name":"store","item":"https:\/\/dziendobrysklep.com\/en\/store\/"},{"@type":"ListItem","position":3,"name":"Cape with a hood Heron"}]},{"@type":"WebSite","@id":"https:\/\/dziendobrysklep.com\/en\/#website","url":"https:\/\/dziendobrysklep.com\/en\/","name":"dziendobry store","description":"dziendobry store \u2013 it is not just colourful clothing, but also a positive message that you can wear every day!","potentialAction":[{"@type":"SearchAction","target":{"@type":"EntryPoint","urlTemplate":"https:\/\/dziendobrysklep.com\/en\/?s={search_term_string}"},"query-input":"required name=search_term_string"}],"inLanguage":"en-GB"}]}},"_links":{"self":[{"href":"https:\/\/app.dziendobrysklep.com\/en\/wp-json\/wp\/v2\/product\/40130"}],"collection":[{"href":"https:\/\/app.dziendobrysklep.com\/en\/wp-json\/wp\/v2\/product"}],"about":[{"href":"https:\/\/app.dziendobrysklep.com\/en\/wp-json\/wp\/v2\/types\/product"}],"wp:featuredmedia":[{"embeddable":true,"href":"https:\/\/app.dziendobrysklep.com\/en\/wp-json\/"}],"wp:attachment":[{"href":"https:\/\/app.dziendobrysklep.com\/en\/wp-json\/wp\/v2\/media?parent=40130"}],"wp:term":[{"taxonomy":"product_cat","embeddable":true,"href":"https:\/\/app.dziendobrysklep.com\/en\/wp-json\/wp\/v2\/product_cat?post=40130"},{"taxonomy":"product_tag","embeddable":true,"href":"https:\/\/app.dziendobrysklep.com\/en\/wp-json\/wp\/v2\/product_tag?post=40130"}],"curies":[{"name":"wp","href":"https:\/\/api.w.org\/{rel}","templated":true}]}}