{"id":40115,"date":"2023-07-10T22:51:13","date_gmt":"2023-07-10T20:51:13","guid":{"rendered":"https:\/\/dziendobrysklep.com\/en\/?post_type=product&#038;p=40115"},"modified":"2023-07-10T23:45:55","modified_gmt":"2023-07-10T21:45:55","slug":"bomber-jacket-lake","status":"publish","type":"product","link":"https:\/\/app.dziendobrysklep.com\/en\/produkt\/bomber-jacket-lake\/","title":{"rendered":"bomber jacket Lake"},"content":{"rendered":"<p>Women&#8217;s zipped, knitted bomber jacket with a Lake pattern.<\/p>\n<p>The bauble sweatshirt is a new cut that adds a sporty atmosphere and lightness to any styling, and at the same time remains very feminine. Don&#8217;t worry, you can wear it with your favorite jeans, skirt, combine it with another good morning pattern to look spectacular and original.<\/p>\n<p>We finished the sleeves and the bottom of the sweatshirt with a welt in a shade of blue that matches the pattern. Note the cuffs. The shape we designed gives the sweatshirt lightness and distinguishes it even among our sweatshirts!<\/p>\n<p>The double-layer hood wraps you nicely when you need to protect yourself from chilly gusts. The zipper is matched in color to the welts at the cuffs and at the bottom of the sweatshirt, thanks to which the sweatshirt has an original look.<\/p>\n<p>We placed the pockets at the front of the sweatshirt using a vertical construction seam.<\/p>\n<p>The Lake bauble sweatshirt is made of cotton fabric with a loop on the left side.<\/p>\n<p>Composition: 95% cotton, 5% elastane, weight 260.<\/p>\n<p>The pattern was designed by Ja\u015bmina Parkita for the good morning.<\/p>\n<p>We suggest washing at 30%, left side, in programs for delicate fabrics and with reduced spin speed.<\/p>\n<p>Entirely designed and manufactured in Poland in \u0141\u00f3d\u017a.<\/p>\n<p>The model is 168 and wears size S.<\/p>\n<ul>\n<li>In the case of clothes made of materials containing natural fibers (cotton, linen, viscose, bamboo), a typical process is the shrinkage of the material. This feature should be taken into account when choosing the size.<\/li>\n<li>The arrangement of the pattern on each copy is different, which means that the product you receive may differ from the one shown in the photos.<\/li>\n<li>The colors in the picture may slightly differ from the actual products depending on the preferences of the monitor.<\/li>\n<\/ul>\n","protected":false},"excerpt":{"rendered":"<p>Women&#8217;s zipped, knitted bomber jacket with a Lake pattern. The bauble sweatshirt is a new cut that adds a sporty atmosphere and lightness to any styling, and at the same time remains very feminine. Don&#8217;t worry, you can wear it with your favorite jeans, skirt, combine it with another good morning pattern to look spectacular&#8230;<\/p>\n","protected":false},"featured_media":100000128622,"template":"","meta":{"_acf_changed":false},"product_cat":[20,39],"product_tag":[41,42,43,44,152,45,46],"acf":[],"yoast_head":"<!-- This site is optimized with the Yoast SEO plugin v21.9.1 - https:\/\/yoast.com\/wordpress\/plugins\/seo\/ -->\n<title>Sport sweatshirt California Rosebomber jacket Lake<\/title>\n<meta name=\"description\" content=\"Sport sweatshirt California Rose\" \/>\n<meta name=\"robots\" content=\"index, follow, max-snippet:-1, max-image-preview:large, max-video-preview:-1\" \/>\n<link rel=\"canonical\" href=\"https:\/\/dziendobrysklep.com\/en\/produkt\/bomber-jacket-lake\/\" \/>\n<meta property=\"og:locale\" content=\"en_GB\" \/>\n<meta property=\"og:type\" content=\"article\" \/>\n<meta property=\"og:title\" content=\"Sport sweatshirt California Rosebomber jacket Lake\" \/>\n<meta property=\"og:description\" content=\"Sport sweatshirt California Rose\" \/>\n<meta property=\"og:url\" content=\"https:\/\/dziendobrysklep.com\/en\/produkt\/bomber-jacket-lake\/\" \/>\n<meta property=\"og:site_name\" content=\"dziendobry store\" \/>\n<meta property=\"article:modified_time\" content=\"2023-07-10T21:45:55+00:00\" \/>\n<meta name=\"twitter:card\" content=\"summary_large_image\" \/>\n<meta name=\"twitter:image\" content=\"https:\/\/app.dziendobrysklep.com\/en\/wp-content\/uploads\/2023\/03\/dziendobry-wiosna-2023-bluza-bombka-jezioro-4.jpg\" \/>\n<meta name=\"twitter:label1\" content=\"Estimated reading time\" \/>\n\t<meta name=\"twitter:data1\" content=\"2 minutes\" \/>\n<script type=\"application\/ld+json\" class=\"yoast-schema-graph\">{\"@context\":\"https:\/\/schema.org\",\"@graph\":[{\"@type\":\"WebPage\",\"@id\":\"https:\/\/dziendobrysklep.com\/en\/produkt\/bomber-jacket-lake\/\",\"url\":\"https:\/\/dziendobrysklep.com\/en\/produkt\/bomber-jacket-lake\/\",\"name\":\"Sport sweatshirt California Rosebomber jacket Lake\",\"isPartOf\":{\"@id\":\"https:\/\/dziendobrysklep.com\/en\/#website\"},\"datePublished\":\"2023-07-10T20:51:13+00:00\",\"dateModified\":\"2023-07-10T21:45:55+00:00\",\"description\":\"Sport sweatshirt California Rose\",\"breadcrumb\":{\"@id\":\"https:\/\/dziendobrysklep.com\/en\/produkt\/bomber-jacket-lake\/#breadcrumb\"},\"inLanguage\":\"en-GB\",\"potentialAction\":[{\"@type\":\"ReadAction\",\"target\":[\"https:\/\/dziendobrysklep.com\/en\/produkt\/bomber-jacket-lake\/\"]}]},{\"@type\":\"BreadcrumbList\",\"@id\":\"https:\/\/dziendobrysklep.com\/en\/produkt\/bomber-jacket-lake\/#breadcrumb\",\"itemListElement\":[{\"@type\":\"ListItem\",\"position\":1,\"name\":\"Strona g\u0142\u00f3wna\",\"item\":\"https:\/\/dziendobrysklep.com\/en\/\"},{\"@type\":\"ListItem\",\"position\":2,\"name\":\"store\",\"item\":\"https:\/\/dziendobrysklep.com\/en\/store\/\"},{\"@type\":\"ListItem\",\"position\":3,\"name\":\"bomber jacket Lake\"}]},{\"@type\":\"WebSite\",\"@id\":\"https:\/\/dziendobrysklep.com\/en\/#website\",\"url\":\"https:\/\/dziendobrysklep.com\/en\/\",\"name\":\"dziendobry store\",\"description\":\"dziendobry store \u2013 it is not just colourful clothing, but also a positive message that you can wear every day!\",\"potentialAction\":[{\"@type\":\"SearchAction\",\"target\":{\"@type\":\"EntryPoint\",\"urlTemplate\":\"https:\/\/dziendobrysklep.com\/en\/?s={search_term_string}\"},\"query-input\":\"required name=search_term_string\"}],\"inLanguage\":\"en-GB\"}]}<\/script>\n<!-- \/ Yoast SEO plugin. -->","yoast_head_json":{"title":"Sport sweatshirt California Rosebomber jacket Lake","description":"Sport sweatshirt California Rose","robots":{"index":"index","follow":"follow","max-snippet":"max-snippet:-1","max-image-preview":"max-image-preview:large","max-video-preview":"max-video-preview:-1"},"canonical":"https:\/\/dziendobrysklep.com\/en\/produkt\/bomber-jacket-lake\/","og_locale":"en_GB","og_type":"article","og_title":"Sport sweatshirt California Rosebomber jacket Lake","og_description":"Sport sweatshirt California Rose","og_url":"https:\/\/dziendobrysklep.com\/en\/produkt\/bomber-jacket-lake\/","og_site_name":"dziendobry store","article_modified_time":"2023-07-10T21:45:55+00:00","twitter_card":"summary_large_image","twitter_image":"https:\/\/app.dziendobrysklep.com\/en\/wp-content\/uploads\/2023\/03\/dziendobry-wiosna-2023-bluza-bombka-jezioro-4.jpg","twitter_misc":{"Estimated reading time":"2 minutes"},"schema":{"@context":"https:\/\/schema.org","@graph":[{"@type":"WebPage","@id":"https:\/\/dziendobrysklep.com\/en\/produkt\/bomber-jacket-lake\/","url":"https:\/\/dziendobrysklep.com\/en\/produkt\/bomber-jacket-lake\/","name":"Sport sweatshirt California Rosebomber jacket Lake","isPartOf":{"@id":"https:\/\/dziendobrysklep.com\/en\/#website"},"datePublished":"2023-07-10T20:51:13+00:00","dateModified":"2023-07-10T21:45:55+00:00","description":"Sport sweatshirt California Rose","breadcrumb":{"@id":"https:\/\/dziendobrysklep.com\/en\/produkt\/bomber-jacket-lake\/#breadcrumb"},"inLanguage":"en-GB","potentialAction":[{"@type":"ReadAction","target":["https:\/\/dziendobrysklep.com\/en\/produkt\/bomber-jacket-lake\/"]}]},{"@type":"BreadcrumbList","@id":"https:\/\/dziendobrysklep.com\/en\/produkt\/bomber-jacket-lake\/#breadcrumb","itemListElement":[{"@type":"ListItem","position":1,"name":"Strona g\u0142\u00f3wna","item":"https:\/\/dziendobrysklep.com\/en\/"},{"@type":"ListItem","position":2,"name":"store","item":"https:\/\/dziendobrysklep.com\/en\/store\/"},{"@type":"ListItem","position":3,"name":"bomber jacket Lake"}]},{"@type":"WebSite","@id":"https:\/\/dziendobrysklep.com\/en\/#website","url":"https:\/\/dziendobrysklep.com\/en\/","name":"dziendobry store","description":"dziendobry store \u2013 it is not just colourful clothing, but also a positive message that you can wear every day!","potentialAction":[{"@type":"SearchAction","target":{"@type":"EntryPoint","urlTemplate":"https:\/\/dziendobrysklep.com\/en\/?s={search_term_string}"},"query-input":"required name=search_term_string"}],"inLanguage":"en-GB"}]}},"_links":{"self":[{"href":"https:\/\/app.dziendobrysklep.com\/en\/wp-json\/wp\/v2\/product\/40115"}],"collection":[{"href":"https:\/\/app.dziendobrysklep.com\/en\/wp-json\/wp\/v2\/product"}],"about":[{"href":"https:\/\/app.dziendobrysklep.com\/en\/wp-json\/wp\/v2\/types\/product"}],"wp:featuredmedia":[{"embeddable":true,"href":"https:\/\/app.dziendobrysklep.com\/en\/wp-json\/"}],"wp:attachment":[{"href":"https:\/\/app.dziendobrysklep.com\/en\/wp-json\/wp\/v2\/media?parent=40115"}],"wp:term":[{"taxonomy":"product_cat","embeddable":true,"href":"https:\/\/app.dziendobrysklep.com\/en\/wp-json\/wp\/v2\/product_cat?post=40115"},{"taxonomy":"product_tag","embeddable":true,"href":"https:\/\/app.dziendobrysklep.com\/en\/wp-json\/wp\/v2\/product_tag?post=40115"}],"curies":[{"name":"wp","href":"https:\/\/api.w.org\/{rel}","templated":true}]}}