{"id":40084,"date":"2023-07-10T22:04:28","date_gmt":"2023-07-10T20:04:28","guid":{"rendered":"https:\/\/dziendobrysklep.com\/en\/?post_type=product&#038;p=40084"},"modified":"2023-07-10T22:33:37","modified_gmt":"2023-07-10T20:33:37","slug":"sports-top-wild-rose","status":"publish","type":"product","link":"https:\/\/app.dziendobrysklep.com\/en\/produkt\/sports-top-wild-rose\/","title":{"rendered":"Sports top Wild Rose"},"content":{"rendered":"<p>Cotton sports top with Wild Rose pattern &#8211; a combination of a top and a sports bra.<\/p>\n<p>The new cut of the sports top made of cotton fabric (the same from which we sew leggings) can be a set for leggings or cycling shoes, and you can wear it with a skirt on a hot day. When the summer is over, the top will remind you of holidays or give you energy to exercise.<\/p>\n<p>Like the previous tops, this one also has a wide rubber that keeps the top in place. Wide shoulder straps and a larger cut at the back than at the front. Our top is soft, there are no stiffeners on the bust, which makes it really comfortable.<\/p>\n<p>Complete with leggings, it creates such a great set of yoga clothes that not only do we start waiting for classes, but after yoga we don&#8217;t want to take it off!<\/p>\n<p>Composition: 95% cotton, 5% elastane, weight 230 g\/m2.<\/p>\n<p>Machine wash at 30\u00b0C<\/p>\n<p>Entirely designed and manufactured in Poland in \u0141\u00f3d\u017a.<\/p>\n<p>The model is 175 cm tall and is wearing the Wild Rose cotton sports top in size S.<\/p>\n<ul>\n<li>In the case of clothes made of materials containing natural fibers (cotton, linen, viscose, bamboo), the<br \/>\nnatural process is shrinkage of the material and this should be taken into account when selecting the size.<\/li>\n<li>Pattern layout on each and every clothing item is different, therefore the delivered product may differ slightly from the one shown on the photographs.<\/li>\n<li>The colours in the pictures may differ slightly from the actual products depending on the monitor&#8217;s settings.<\/li>\n<\/ul>\n<p>&nbsp;<\/p>\n<h3>Jasmina tells about her quite literal <em>road<\/em> to yoga (thanks to which, these leggings came to life):<\/h3>\n<p>&#8220;I had been intending for a good couple of years to start practicing yoga, but I couldn&#8217;t actually bring myself to classes. However, it seems like the universe is actually watching over me, because once, on a walk in Lodz, on Piotrkowska Street, I found a business card of one yoga school. Just like that \u2013 it was lying on the street. There were a few sentences on the card about yoga: how it is like music, how it is the harmony of body and soul. I immediately thought &#8220;well&#8230; now I have no other choice but to submit to my fate&#8221;. I signed up for classes the next day, because it turned out that the school was right next to my house!<\/p>\n<p>Thanks to yoga, I started feeling much better in my body. I go to classes regularly, and when I don&#8217;t have time or I am away, I practice alone at home. I want to improve myself in this, I want to know a lot and learn more and more. I dream of producing not only yoga <em>clothes<\/em> but also mats, rollers, and various other accessories.<\/p>\n","protected":false},"excerpt":{"rendered":"<p>Cotton sports top with Wild Rose pattern &#8211; a combination of a top and a sports bra. The new cut of the sports top made of cotton fabric (the same from which we sew leggings) can be a set for leggings or cycling shoes, and you can wear it with a skirt on a hot&#8230;<\/p>\n","protected":false},"featured_media":100000143686,"template":"","meta":{"_acf_changed":false},"product_cat":[20,96],"product_tag":[97,98,66,45,216,102,223,79,46],"acf":[],"yoast_head":"<!-- This site is optimized with the Yoast SEO plugin v21.9.1 - https:\/\/yoast.com\/wordpress\/plugins\/seo\/ -->\n<title>sports top Flowers sports bra from dziendobry<\/title>\n<meta name=\"description\" content=\"sports top Flowers perfect for yoga and other types of training. Positive energy should surround you every day!\" \/>\n<meta name=\"robots\" content=\"index, follow, max-snippet:-1, max-image-preview:large, max-video-preview:-1\" \/>\n<link rel=\"canonical\" href=\"https:\/\/dziendobrysklep.com\/en\/produkt\/sports-top-wild-rose\/\" \/>\n<meta property=\"og:locale\" content=\"en_GB\" \/>\n<meta property=\"og:type\" content=\"article\" \/>\n<meta property=\"og:title\" content=\"sports top Flowers sports bra from dziendobry\" \/>\n<meta property=\"og:description\" content=\"sports top Flowers perfect for yoga and other types of training. Positive energy should surround you every day!\" \/>\n<meta property=\"og:url\" content=\"https:\/\/dziendobrysklep.com\/en\/produkt\/sports-top-wild-rose\/\" \/>\n<meta property=\"og:site_name\" content=\"dziendobry store\" \/>\n<meta property=\"article:modified_time\" content=\"2023-07-10T20:33:37+00:00\" \/>\n<meta name=\"twitter:card\" content=\"summary_large_image\" \/>\n<meta name=\"twitter:image\" content=\"https:\/\/app.dziendobrysklep.com\/en\/wp-content\/uploads\/2023\/05\/dziendobry-lato-2023-top-sportowy-bawelniany-dzika-roza-5.jpg\" \/>\n<meta name=\"twitter:label1\" content=\"Estimated reading time\" \/>\n\t<meta name=\"twitter:data1\" content=\"3 minutes\" \/>\n<script type=\"application\/ld+json\" class=\"yoast-schema-graph\">{\"@context\":\"https:\/\/schema.org\",\"@graph\":[{\"@type\":\"WebPage\",\"@id\":\"https:\/\/dziendobrysklep.com\/en\/produkt\/sports-top-wild-rose\/\",\"url\":\"https:\/\/dziendobrysklep.com\/en\/produkt\/sports-top-wild-rose\/\",\"name\":\"sports top Flowers sports bra from dziendobry\",\"isPartOf\":{\"@id\":\"https:\/\/dziendobrysklep.com\/en\/#website\"},\"datePublished\":\"2023-07-10T20:04:28+00:00\",\"dateModified\":\"2023-07-10T20:33:37+00:00\",\"description\":\"sports top Flowers perfect for yoga and other types of training. Positive energy should surround you every day!\",\"breadcrumb\":{\"@id\":\"https:\/\/dziendobrysklep.com\/en\/produkt\/sports-top-wild-rose\/#breadcrumb\"},\"inLanguage\":\"en-GB\",\"potentialAction\":[{\"@type\":\"ReadAction\",\"target\":[\"https:\/\/dziendobrysklep.com\/en\/produkt\/sports-top-wild-rose\/\"]}]},{\"@type\":\"BreadcrumbList\",\"@id\":\"https:\/\/dziendobrysklep.com\/en\/produkt\/sports-top-wild-rose\/#breadcrumb\",\"itemListElement\":[{\"@type\":\"ListItem\",\"position\":1,\"name\":\"Strona g\u0142\u00f3wna\",\"item\":\"https:\/\/dziendobrysklep.com\/en\/\"},{\"@type\":\"ListItem\",\"position\":2,\"name\":\"store\",\"item\":\"https:\/\/dziendobrysklep.com\/en\/store\/\"},{\"@type\":\"ListItem\",\"position\":3,\"name\":\"Sports top Wild Rose\"}]},{\"@type\":\"WebSite\",\"@id\":\"https:\/\/dziendobrysklep.com\/en\/#website\",\"url\":\"https:\/\/dziendobrysklep.com\/en\/\",\"name\":\"dziendobry store\",\"description\":\"dziendobry store \u2013 it is not just colourful clothing, but also a positive message that you can wear every day!\",\"potentialAction\":[{\"@type\":\"SearchAction\",\"target\":{\"@type\":\"EntryPoint\",\"urlTemplate\":\"https:\/\/dziendobrysklep.com\/en\/?s={search_term_string}\"},\"query-input\":\"required name=search_term_string\"}],\"inLanguage\":\"en-GB\"}]}<\/script>\n<!-- \/ Yoast SEO plugin. -->","yoast_head_json":{"title":"sports top Flowers sports bra from dziendobry","description":"sports top Flowers perfect for yoga and other types of training. Positive energy should surround you every day!","robots":{"index":"index","follow":"follow","max-snippet":"max-snippet:-1","max-image-preview":"max-image-preview:large","max-video-preview":"max-video-preview:-1"},"canonical":"https:\/\/dziendobrysklep.com\/en\/produkt\/sports-top-wild-rose\/","og_locale":"en_GB","og_type":"article","og_title":"sports top Flowers sports bra from dziendobry","og_description":"sports top Flowers perfect for yoga and other types of training. Positive energy should surround you every day!","og_url":"https:\/\/dziendobrysklep.com\/en\/produkt\/sports-top-wild-rose\/","og_site_name":"dziendobry store","article_modified_time":"2023-07-10T20:33:37+00:00","twitter_card":"summary_large_image","twitter_image":"https:\/\/app.dziendobrysklep.com\/en\/wp-content\/uploads\/2023\/05\/dziendobry-lato-2023-top-sportowy-bawelniany-dzika-roza-5.jpg","twitter_misc":{"Estimated reading time":"3 minutes"},"schema":{"@context":"https:\/\/schema.org","@graph":[{"@type":"WebPage","@id":"https:\/\/dziendobrysklep.com\/en\/produkt\/sports-top-wild-rose\/","url":"https:\/\/dziendobrysklep.com\/en\/produkt\/sports-top-wild-rose\/","name":"sports top Flowers sports bra from dziendobry","isPartOf":{"@id":"https:\/\/dziendobrysklep.com\/en\/#website"},"datePublished":"2023-07-10T20:04:28+00:00","dateModified":"2023-07-10T20:33:37+00:00","description":"sports top Flowers perfect for yoga and other types of training. Positive energy should surround you every day!","breadcrumb":{"@id":"https:\/\/dziendobrysklep.com\/en\/produkt\/sports-top-wild-rose\/#breadcrumb"},"inLanguage":"en-GB","potentialAction":[{"@type":"ReadAction","target":["https:\/\/dziendobrysklep.com\/en\/produkt\/sports-top-wild-rose\/"]}]},{"@type":"BreadcrumbList","@id":"https:\/\/dziendobrysklep.com\/en\/produkt\/sports-top-wild-rose\/#breadcrumb","itemListElement":[{"@type":"ListItem","position":1,"name":"Strona g\u0142\u00f3wna","item":"https:\/\/dziendobrysklep.com\/en\/"},{"@type":"ListItem","position":2,"name":"store","item":"https:\/\/dziendobrysklep.com\/en\/store\/"},{"@type":"ListItem","position":3,"name":"Sports top Wild Rose"}]},{"@type":"WebSite","@id":"https:\/\/dziendobrysklep.com\/en\/#website","url":"https:\/\/dziendobrysklep.com\/en\/","name":"dziendobry store","description":"dziendobry store \u2013 it is not just colourful clothing, but also a positive message that you can wear every day!","potentialAction":[{"@type":"SearchAction","target":{"@type":"EntryPoint","urlTemplate":"https:\/\/dziendobrysklep.com\/en\/?s={search_term_string}"},"query-input":"required name=search_term_string"}],"inLanguage":"en-GB"}]}},"_links":{"self":[{"href":"https:\/\/app.dziendobrysklep.com\/en\/wp-json\/wp\/v2\/product\/40084"}],"collection":[{"href":"https:\/\/app.dziendobrysklep.com\/en\/wp-json\/wp\/v2\/product"}],"about":[{"href":"https:\/\/app.dziendobrysklep.com\/en\/wp-json\/wp\/v2\/types\/product"}],"wp:featuredmedia":[{"embeddable":true,"href":"https:\/\/app.dziendobrysklep.com\/en\/wp-json\/"}],"wp:attachment":[{"href":"https:\/\/app.dziendobrysklep.com\/en\/wp-json\/wp\/v2\/media?parent=40084"}],"wp:term":[{"taxonomy":"product_cat","embeddable":true,"href":"https:\/\/app.dziendobrysklep.com\/en\/wp-json\/wp\/v2\/product_cat?post=40084"},{"taxonomy":"product_tag","embeddable":true,"href":"https:\/\/app.dziendobrysklep.com\/en\/wp-json\/wp\/v2\/product_tag?post=40084"}],"curies":[{"name":"wp","href":"https:\/\/api.w.org\/{rel}","templated":true}]}}