{"id":40048,"date":"2023-07-10T16:47:51","date_gmt":"2023-07-10T14:47:51","guid":{"rendered":"https:\/\/dziendobrysklep.com\/en\/?post_type=product&#038;p=40048"},"modified":"2023-07-16T16:42:48","modified_gmt":"2023-07-16T14:42:48","slug":"ramones-peonies-color","status":"publish","type":"product","link":"https:\/\/app.dziendobrysklep.com\/en\/produkt\/ramones-peonies-color\/","title":{"rendered":"Ramones Peonies Color"},"content":{"rendered":"<p>Ramones Peonies Color from the morning is an outer garment that can perform many functions. When you leave it unbuttoned, it will be a cool jacket. When you fasten it, it will be a spring jacket. You can also wear a ramones jacket under another jacket and it will act as a thick sweatshirt.<\/p>\n<p>It&#8217;s all thanks to the fact that we used a unique Ramones cut in combination with a softshell! The outer layer of the material is smooth and we printed our original pattern on it. The inner one is a nice to the touch scratching, the so-called &#8220;teddy bear&#8221;, thanks to which the material is warm. The fabric works slightly, thanks to which the jacket fits better to the figure.<\/p>\n<p>You can fasten your Peonies Color Ramones jacket with an asymmetric express fastener with a metal zipper. We have designed two outer pockets in the jacket, also fastened with a zipper. You can also wear the collar up!<\/p>\n<p>Softshell protects very well against wind, well protects against water. It has breathable properties and is easy to wash. With a relatively low specific gravity, it keeps you warm. The material consists of three layers: outer knitwear, middle membrane and inner microfleece.<\/p>\n<p>Do not allow for heavy soiling, washing at a temperature of up to 40\u00b0 with the use of a softshell washing agent.<\/p>\n<p>100% designed and manufactured in Poland, in \u0141\u00f3d\u017a<\/p>\n<p>The tags are made of eco-leather.<\/p>\n<p>The original pattern on the jacket was designed by Ja\u015bmina Parkita fordzie\u0144dobry.<\/p>\n<p>Ramoneska Peonies Color in size S is presented by a model with a height of 168 cm.<\/p>\n<ul>\n<li>The arrangement of the pattern on each copy is different, which means that the product you receive may differ from the one shown in the photos.<\/li>\n<li>The colors in the picture may slightly differ from the actual products depending on the preferences of the monitor.<\/li>\n<\/ul>\n","protected":false},"excerpt":{"rendered":"<p>Ramones Peonies Color from the morning is an outer garment that can perform many functions. When you leave it unbuttoned, it will be a cool jacket. When you fasten it, it will be a spring jacket. You can also wear a ramones jacket under another jacket and it will act as a thick sweatshirt. It&#8217;s&#8230;<\/p>\n","protected":false},"featured_media":100000130162,"template":"","meta":{"_acf_changed":false},"product_cat":[20,22],"product_tag":[],"acf":[],"yoast_head":"<!-- This site is optimized with the Yoast SEO plugin v21.9.1 - https:\/\/yoast.com\/wordpress\/plugins\/seo\/ -->\n<title>Ramones Peonies Color jacket from dziendobry<\/title>\n<meta name=\"robots\" content=\"index, follow, max-snippet:-1, max-image-preview:large, max-video-preview:-1\" \/>\n<link rel=\"canonical\" href=\"https:\/\/dziendobrysklep.com\/en\/produkt\/ramones-peonies-color\/\" \/>\n<meta property=\"og:locale\" content=\"en_GB\" \/>\n<meta property=\"og:type\" content=\"article\" \/>\n<meta property=\"og:title\" content=\"Ramones Peonies Color jacket from dziendobry\" \/>\n<meta property=\"og:description\" content=\"Ramones Peonies Color from the morning is an outer garment that can perform many functions. When you leave it unbuttoned, it will be a cool jacket. When you fasten it, it will be a spring jacket. You can also wear a ramones jacket under another jacket and it will act as a thick sweatshirt. It&#8217;s...\" \/>\n<meta property=\"og:url\" content=\"https:\/\/dziendobrysklep.com\/en\/produkt\/ramones-peonies-color\/\" \/>\n<meta property=\"og:site_name\" content=\"dziendobry store\" \/>\n<meta property=\"article:modified_time\" content=\"2023-07-16T14:42:48+00:00\" \/>\n<meta name=\"twitter:card\" content=\"summary_large_image\" \/>\n<meta name=\"twitter:image\" content=\"https:\/\/app.dziendobrysklep.com\/en\/wp-content\/uploads\/2023\/04\/dziendobry-2023-wiosna-kurtka-ramoneska-piwonie-kolor-4.jpg\" \/>\n<meta name=\"twitter:label1\" content=\"Estimated reading time\" \/>\n\t<meta name=\"twitter:data1\" content=\"2 minutes\" \/>\n<script type=\"application\/ld+json\" class=\"yoast-schema-graph\">{\"@context\":\"https:\/\/schema.org\",\"@graph\":[{\"@type\":\"WebPage\",\"@id\":\"https:\/\/dziendobrysklep.com\/en\/produkt\/ramones-peonies-color\/\",\"url\":\"https:\/\/dziendobrysklep.com\/en\/produkt\/ramones-peonies-color\/\",\"name\":\"Ramones Peonies Color jacket from dziendobry\",\"isPartOf\":{\"@id\":\"https:\/\/dziendobrysklep.com\/en\/#website\"},\"datePublished\":\"2023-07-10T14:47:51+00:00\",\"dateModified\":\"2023-07-16T14:42:48+00:00\",\"breadcrumb\":{\"@id\":\"https:\/\/dziendobrysklep.com\/en\/produkt\/ramones-peonies-color\/#breadcrumb\"},\"inLanguage\":\"en-GB\",\"potentialAction\":[{\"@type\":\"ReadAction\",\"target\":[\"https:\/\/dziendobrysklep.com\/en\/produkt\/ramones-peonies-color\/\"]}]},{\"@type\":\"BreadcrumbList\",\"@id\":\"https:\/\/dziendobrysklep.com\/en\/produkt\/ramones-peonies-color\/#breadcrumb\",\"itemListElement\":[{\"@type\":\"ListItem\",\"position\":1,\"name\":\"Strona g\u0142\u00f3wna\",\"item\":\"https:\/\/dziendobrysklep.com\/en\/\"},{\"@type\":\"ListItem\",\"position\":2,\"name\":\"store\",\"item\":\"https:\/\/dziendobrysklep.com\/en\/store\/\"},{\"@type\":\"ListItem\",\"position\":3,\"name\":\"Ramones Peonies Color\"}]},{\"@type\":\"WebSite\",\"@id\":\"https:\/\/dziendobrysklep.com\/en\/#website\",\"url\":\"https:\/\/dziendobrysklep.com\/en\/\",\"name\":\"dziendobry store\",\"description\":\"dziendobry store \u2013 it is not just colourful clothing, but also a positive message that you can wear every day!\",\"potentialAction\":[{\"@type\":\"SearchAction\",\"target\":{\"@type\":\"EntryPoint\",\"urlTemplate\":\"https:\/\/dziendobrysklep.com\/en\/?s={search_term_string}\"},\"query-input\":\"required name=search_term_string\"}],\"inLanguage\":\"en-GB\"}]}<\/script>\n<!-- \/ Yoast SEO plugin. -->","yoast_head_json":{"title":"Ramones Peonies Color jacket from dziendobry","robots":{"index":"index","follow":"follow","max-snippet":"max-snippet:-1","max-image-preview":"max-image-preview:large","max-video-preview":"max-video-preview:-1"},"canonical":"https:\/\/dziendobrysklep.com\/en\/produkt\/ramones-peonies-color\/","og_locale":"en_GB","og_type":"article","og_title":"Ramones Peonies Color jacket from dziendobry","og_description":"Ramones Peonies Color from the morning is an outer garment that can perform many functions. When you leave it unbuttoned, it will be a cool jacket. When you fasten it, it will be a spring jacket. You can also wear a ramones jacket under another jacket and it will act as a thick sweatshirt. It&#8217;s...","og_url":"https:\/\/dziendobrysklep.com\/en\/produkt\/ramones-peonies-color\/","og_site_name":"dziendobry store","article_modified_time":"2023-07-16T14:42:48+00:00","twitter_card":"summary_large_image","twitter_image":"https:\/\/app.dziendobrysklep.com\/en\/wp-content\/uploads\/2023\/04\/dziendobry-2023-wiosna-kurtka-ramoneska-piwonie-kolor-4.jpg","twitter_misc":{"Estimated reading time":"2 minutes"},"schema":{"@context":"https:\/\/schema.org","@graph":[{"@type":"WebPage","@id":"https:\/\/dziendobrysklep.com\/en\/produkt\/ramones-peonies-color\/","url":"https:\/\/dziendobrysklep.com\/en\/produkt\/ramones-peonies-color\/","name":"Ramones Peonies Color jacket from dziendobry","isPartOf":{"@id":"https:\/\/dziendobrysklep.com\/en\/#website"},"datePublished":"2023-07-10T14:47:51+00:00","dateModified":"2023-07-16T14:42:48+00:00","breadcrumb":{"@id":"https:\/\/dziendobrysklep.com\/en\/produkt\/ramones-peonies-color\/#breadcrumb"},"inLanguage":"en-GB","potentialAction":[{"@type":"ReadAction","target":["https:\/\/dziendobrysklep.com\/en\/produkt\/ramones-peonies-color\/"]}]},{"@type":"BreadcrumbList","@id":"https:\/\/dziendobrysklep.com\/en\/produkt\/ramones-peonies-color\/#breadcrumb","itemListElement":[{"@type":"ListItem","position":1,"name":"Strona g\u0142\u00f3wna","item":"https:\/\/dziendobrysklep.com\/en\/"},{"@type":"ListItem","position":2,"name":"store","item":"https:\/\/dziendobrysklep.com\/en\/store\/"},{"@type":"ListItem","position":3,"name":"Ramones Peonies Color"}]},{"@type":"WebSite","@id":"https:\/\/dziendobrysklep.com\/en\/#website","url":"https:\/\/dziendobrysklep.com\/en\/","name":"dziendobry store","description":"dziendobry store \u2013 it is not just colourful clothing, but also a positive message that you can wear every day!","potentialAction":[{"@type":"SearchAction","target":{"@type":"EntryPoint","urlTemplate":"https:\/\/dziendobrysklep.com\/en\/?s={search_term_string}"},"query-input":"required name=search_term_string"}],"inLanguage":"en-GB"}]}},"_links":{"self":[{"href":"https:\/\/app.dziendobrysklep.com\/en\/wp-json\/wp\/v2\/product\/40048"}],"collection":[{"href":"https:\/\/app.dziendobrysklep.com\/en\/wp-json\/wp\/v2\/product"}],"about":[{"href":"https:\/\/app.dziendobrysklep.com\/en\/wp-json\/wp\/v2\/types\/product"}],"wp:featuredmedia":[{"embeddable":true,"href":"https:\/\/app.dziendobrysklep.com\/en\/wp-json\/"}],"wp:attachment":[{"href":"https:\/\/app.dziendobrysklep.com\/en\/wp-json\/wp\/v2\/media?parent=40048"}],"wp:term":[{"taxonomy":"product_cat","embeddable":true,"href":"https:\/\/app.dziendobrysklep.com\/en\/wp-json\/wp\/v2\/product_cat?post=40048"},{"taxonomy":"product_tag","embeddable":true,"href":"https:\/\/app.dziendobrysklep.com\/en\/wp-json\/wp\/v2\/product_tag?post=40048"}],"curies":[{"name":"wp","href":"https:\/\/api.w.org\/{rel}","templated":true}]}}