{"id":40034,"date":"2023-07-10T16:47:47","date_gmt":"2023-07-10T14:47:47","guid":{"rendered":"https:\/\/dziendobrysklep.com\/en\/?post_type=product&#038;p=40034"},"modified":"2023-07-10T17:09:31","modified_gmt":"2023-07-10T15:09:31","slug":"long-coat-hummingbirds-at-night","status":"publish","type":"product","link":"https:\/\/app.dziendobrysklep.com\/en\/produkt\/long-coat-hummingbirds-at-night\/","title":{"rendered":"long coat Hummingbirds at night"},"content":{"rendered":"<p>Women&#8217;s long coat with the Hummingbirds at night pattern<\/p>\n<p>We designed the coat using a classic model with a simple cut. We borrowed the shape of the collar and lapels from the jacket, thanks to this treatment the coat gained elegance. A simple cut will work regardless of the figure. We gave up buttons and other permanently placed fasteners in favor of adjusting with a strap. You can arrange the tails as you like and tie them with a belt or, on the contrary, wear them open and flowing like a superhero cape! We have hidden pockets in the vertical seams that slightly adjust the coat to the figure.<\/p>\n<p>Our coat is made of soft and pleasant to the touch fleece, thanks to the fact that it is long, it will provide protection against colder winds. We used a burgundy lining<\/p>\n<p>\u2013 100% designed and manufactured in Poland, in \u0141\u00f3d\u017a<\/p>\n<p>\u2013 Composition: shell: 100% polyester, lining: 100% polyester<\/p>\n<p>&#8211; The labels are made of eco-leather.<\/p>\n<p>\u2013 The original pattern on the jacket was designed by Ja\u015bmina Parkita fordzie\u0144dobry.<\/p>\n<p>The model is wearing size S and is 168 cm tall<\/p>\n<p>The arrangement of the pattern on each copy is different, which means that the product you receive may differ from the one shown in the photos.<br \/>\nThe colors in the picture may slightly differ from the actual products depending on the preferences of the monitor.<\/p>\n","protected":false},"excerpt":{"rendered":"<p>Women&#8217;s long coat with the Hummingbirds at night pattern We designed the coat using a classic model with a simple cut. We borrowed the shape of the collar and lapels from the jacket, thanks to this treatment the coat gained elegance. A simple cut will work regardless of the figure. We gave up buttons and&#8230;<\/p>\n","protected":false},"featured_media":100000126158,"template":"","meta":{"_acf_changed":false},"product_cat":[20,22],"product_tag":[],"acf":[],"yoast_head":"<!-- This site is optimized with the Yoast SEO plugin v21.9.1 - https:\/\/yoast.com\/wordpress\/plugins\/seo\/ -->\n<title>long coat Hummingbirds at night from dziendobry<\/title>\n<meta name=\"robots\" content=\"index, follow, max-snippet:-1, max-image-preview:large, max-video-preview:-1\" \/>\n<link rel=\"canonical\" href=\"https:\/\/dziendobrysklep.com\/en\/produkt\/long-coat-hummingbirds-at-night\/\" \/>\n<meta property=\"og:locale\" content=\"en_GB\" \/>\n<meta property=\"og:type\" content=\"article\" \/>\n<meta property=\"og:title\" content=\"long coat Hummingbirds at night from dziendobry\" \/>\n<meta property=\"og:description\" content=\"Women&#8217;s long coat with the Hummingbirds at night pattern We designed the coat using a classic model with a simple cut. We borrowed the shape of the collar and lapels from the jacket, thanks to this treatment the coat gained elegance. A simple cut will work regardless of the figure. We gave up buttons and...\" \/>\n<meta property=\"og:url\" content=\"https:\/\/dziendobrysklep.com\/en\/produkt\/long-coat-hummingbirds-at-night\/\" \/>\n<meta property=\"og:site_name\" content=\"dziendobry store\" \/>\n<meta property=\"article:modified_time\" content=\"2023-07-10T15:09:31+00:00\" \/>\n<meta name=\"twitter:card\" content=\"summary_large_image\" \/>\n<meta name=\"twitter:image\" content=\"https:\/\/app.dziendobrysklep.com\/en\/wp-content\/uploads\/2023\/03\/dziendobry-wiosna-2023-dlugi-plaszcza-kolibry-15.jpg\" \/>\n<meta name=\"twitter:label1\" content=\"Estimated reading time\" \/>\n\t<meta name=\"twitter:data1\" content=\"2 minutes\" \/>\n<script type=\"application\/ld+json\" class=\"yoast-schema-graph\">{\"@context\":\"https:\/\/schema.org\",\"@graph\":[{\"@type\":\"WebPage\",\"@id\":\"https:\/\/dziendobrysklep.com\/en\/produkt\/long-coat-hummingbirds-at-night\/\",\"url\":\"https:\/\/dziendobrysklep.com\/en\/produkt\/long-coat-hummingbirds-at-night\/\",\"name\":\"long coat Hummingbirds at night from dziendobry\",\"isPartOf\":{\"@id\":\"https:\/\/dziendobrysklep.com\/en\/#website\"},\"datePublished\":\"2023-07-10T14:47:47+00:00\",\"dateModified\":\"2023-07-10T15:09:31+00:00\",\"breadcrumb\":{\"@id\":\"https:\/\/dziendobrysklep.com\/en\/produkt\/long-coat-hummingbirds-at-night\/#breadcrumb\"},\"inLanguage\":\"en-GB\",\"potentialAction\":[{\"@type\":\"ReadAction\",\"target\":[\"https:\/\/dziendobrysklep.com\/en\/produkt\/long-coat-hummingbirds-at-night\/\"]}]},{\"@type\":\"BreadcrumbList\",\"@id\":\"https:\/\/dziendobrysklep.com\/en\/produkt\/long-coat-hummingbirds-at-night\/#breadcrumb\",\"itemListElement\":[{\"@type\":\"ListItem\",\"position\":1,\"name\":\"Strona g\u0142\u00f3wna\",\"item\":\"https:\/\/dziendobrysklep.com\/en\/\"},{\"@type\":\"ListItem\",\"position\":2,\"name\":\"store\",\"item\":\"https:\/\/dziendobrysklep.com\/en\/store\/\"},{\"@type\":\"ListItem\",\"position\":3,\"name\":\"long coat Hummingbirds at night\"}]},{\"@type\":\"WebSite\",\"@id\":\"https:\/\/dziendobrysklep.com\/en\/#website\",\"url\":\"https:\/\/dziendobrysklep.com\/en\/\",\"name\":\"dziendobry store\",\"description\":\"dziendobry store \u2013 it is not just colourful clothing, but also a positive message that you can wear every day!\",\"potentialAction\":[{\"@type\":\"SearchAction\",\"target\":{\"@type\":\"EntryPoint\",\"urlTemplate\":\"https:\/\/dziendobrysklep.com\/en\/?s={search_term_string}\"},\"query-input\":\"required name=search_term_string\"}],\"inLanguage\":\"en-GB\"}]}<\/script>\n<!-- \/ Yoast SEO plugin. -->","yoast_head_json":{"title":"long coat Hummingbirds at night from dziendobry","robots":{"index":"index","follow":"follow","max-snippet":"max-snippet:-1","max-image-preview":"max-image-preview:large","max-video-preview":"max-video-preview:-1"},"canonical":"https:\/\/dziendobrysklep.com\/en\/produkt\/long-coat-hummingbirds-at-night\/","og_locale":"en_GB","og_type":"article","og_title":"long coat Hummingbirds at night from dziendobry","og_description":"Women&#8217;s long coat with the Hummingbirds at night pattern We designed the coat using a classic model with a simple cut. We borrowed the shape of the collar and lapels from the jacket, thanks to this treatment the coat gained elegance. A simple cut will work regardless of the figure. We gave up buttons and...","og_url":"https:\/\/dziendobrysklep.com\/en\/produkt\/long-coat-hummingbirds-at-night\/","og_site_name":"dziendobry store","article_modified_time":"2023-07-10T15:09:31+00:00","twitter_card":"summary_large_image","twitter_image":"https:\/\/app.dziendobrysklep.com\/en\/wp-content\/uploads\/2023\/03\/dziendobry-wiosna-2023-dlugi-plaszcza-kolibry-15.jpg","twitter_misc":{"Estimated reading time":"2 minutes"},"schema":{"@context":"https:\/\/schema.org","@graph":[{"@type":"WebPage","@id":"https:\/\/dziendobrysklep.com\/en\/produkt\/long-coat-hummingbirds-at-night\/","url":"https:\/\/dziendobrysklep.com\/en\/produkt\/long-coat-hummingbirds-at-night\/","name":"long coat Hummingbirds at night from dziendobry","isPartOf":{"@id":"https:\/\/dziendobrysklep.com\/en\/#website"},"datePublished":"2023-07-10T14:47:47+00:00","dateModified":"2023-07-10T15:09:31+00:00","breadcrumb":{"@id":"https:\/\/dziendobrysklep.com\/en\/produkt\/long-coat-hummingbirds-at-night\/#breadcrumb"},"inLanguage":"en-GB","potentialAction":[{"@type":"ReadAction","target":["https:\/\/dziendobrysklep.com\/en\/produkt\/long-coat-hummingbirds-at-night\/"]}]},{"@type":"BreadcrumbList","@id":"https:\/\/dziendobrysklep.com\/en\/produkt\/long-coat-hummingbirds-at-night\/#breadcrumb","itemListElement":[{"@type":"ListItem","position":1,"name":"Strona g\u0142\u00f3wna","item":"https:\/\/dziendobrysklep.com\/en\/"},{"@type":"ListItem","position":2,"name":"store","item":"https:\/\/dziendobrysklep.com\/en\/store\/"},{"@type":"ListItem","position":3,"name":"long coat Hummingbirds at night"}]},{"@type":"WebSite","@id":"https:\/\/dziendobrysklep.com\/en\/#website","url":"https:\/\/dziendobrysklep.com\/en\/","name":"dziendobry store","description":"dziendobry store \u2013 it is not just colourful clothing, but also a positive message that you can wear every day!","potentialAction":[{"@type":"SearchAction","target":{"@type":"EntryPoint","urlTemplate":"https:\/\/dziendobrysklep.com\/en\/?s={search_term_string}"},"query-input":"required name=search_term_string"}],"inLanguage":"en-GB"}]}},"_links":{"self":[{"href":"https:\/\/app.dziendobrysklep.com\/en\/wp-json\/wp\/v2\/product\/40034"}],"collection":[{"href":"https:\/\/app.dziendobrysklep.com\/en\/wp-json\/wp\/v2\/product"}],"about":[{"href":"https:\/\/app.dziendobrysklep.com\/en\/wp-json\/wp\/v2\/types\/product"}],"wp:featuredmedia":[{"embeddable":true,"href":"https:\/\/app.dziendobrysklep.com\/en\/wp-json\/"}],"wp:attachment":[{"href":"https:\/\/app.dziendobrysklep.com\/en\/wp-json\/wp\/v2\/media?parent=40034"}],"wp:term":[{"taxonomy":"product_cat","embeddable":true,"href":"https:\/\/app.dziendobrysklep.com\/en\/wp-json\/wp\/v2\/product_cat?post=40034"},{"taxonomy":"product_tag","embeddable":true,"href":"https:\/\/app.dziendobrysklep.com\/en\/wp-json\/wp\/v2\/product_tag?post=40034"}],"curies":[{"name":"wp","href":"https:\/\/api.w.org\/{rel}","templated":true}]}}