{"id":39981,"date":"2023-07-10T14:36:41","date_gmt":"2023-07-10T12:36:41","guid":{"rendered":"https:\/\/dziendobrysklep.com\/en\/?post_type=product&#038;p=39981"},"modified":"2023-07-10T15:03:19","modified_gmt":"2023-07-10T13:03:19","slug":"boho-shirt-dress-raspberries","status":"publish","type":"product","link":"https:\/\/app.dziendobrysklep.com\/en\/produkt\/boho-shirt-dress-raspberries\/","title":{"rendered":"boho shirt dress Raspberries"},"content":{"rendered":"<p>Raspberries boho shirt dress or how to take a bit from a shirt, a bit from a dress and combine it with the boho style \ud83d\ude42<\/p>\n<p>We took freedom from the boho style. The ruffles used by us add lightness and airiness to the dress. There is a button fastening on the front of the shirt. A thin belt to tie the dress allows you to adjust the dress. We finished the neckline with a slightly ruffled stand-up collar.<\/p>\n<p>We also took elegance from the shirt, adding to it the romanticism of airy, soft fabric. A mix was created in the form of a nonchalant dress that will look good in the office, but you can also wear it at a family dinner. The dress has slits on the sides going downwards in a soft arc.<\/p>\n<p>The original form is emphasized by the material used. Soft and pleasant to the touch viscose fits perfectly on the body, exposing exactly what we want to show.<\/p>\n<p>Machine washable at 30\u00b0C inside out, belt must be removed before washing.<\/p>\n<p>100% designed and manufactured in Poland in \u0141\u00f3d\u017a.<br \/>\nComposition: 100% viscose, 160 g\/m2<\/p>\n<p>The model is wearing size S and is 168 cm tall.<\/p>\n<p>&nbsp;<\/p>\n<ul>\n<li>\n<pre id=\"tw-target-text\" class=\"tw-data-text tw-text-large tw-ta\" dir=\"ltr\" data-placeholder=\"T\u0142umaczenie\"><span class=\"Y2IQFc\" lang=\"en\" style=\"font-family: tahoma, arial, helvetica, sans-serif;\">In the case of clothes made of materials containing natural fibers (cotton, linen, viscose, bamboo), the natural process is the shrinkage of the material and this should be taken into account when choosing the size.<\/span><\/pre>\n<\/li>\n<li><span style=\"color: #000000; font-family: tahoma, arial, helvetica, sans-serif;\"><span lang=\"en-US\">Pattern layout on each and every clothing item is different, therefore the delivered product may differ slightly from the one shown on the photographs.<\/span><\/span><\/li>\n<li><span style=\"font-family: tahoma, arial, helvetica, sans-serif;\">The colours in the pictures may differ slightly\u00a0from the actual products depending on the monitor&#8217;s settings.<\/span><\/li>\n<\/ul>\n","protected":false},"excerpt":{"rendered":"<p>Raspberries boho shirt dress or how to take a bit from a shirt, a bit from a dress and combine it with the boho style \ud83d\ude42 We took freedom from the boho style. The ruffles used by us add lightness and airiness to the dress. There is a button fastening on the front of the&#8230;<\/p>\n","protected":false},"featured_media":100000128670,"template":"","meta":{"_acf_changed":false},"product_cat":[69,20],"product_tag":[],"acf":[],"yoast_head":"<!-- This site is optimized with the Yoast SEO plugin v21.9.1 - https:\/\/yoast.com\/wordpress\/plugins\/seo\/ -->\n<title>boho shirt dress Raspberries from dziendobry<\/title>\n<meta name=\"robots\" content=\"index, follow, max-snippet:-1, max-image-preview:large, max-video-preview:-1\" \/>\n<link rel=\"canonical\" href=\"https:\/\/dziendobrysklep.com\/en\/produkt\/boho-shirt-dress-raspberries\/\" \/>\n<meta property=\"og:locale\" content=\"en_GB\" \/>\n<meta property=\"og:type\" content=\"article\" \/>\n<meta property=\"og:title\" content=\"boho shirt dress Raspberries from dziendobry\" \/>\n<meta property=\"og:description\" content=\"Raspberries boho shirt dress or how to take a bit from a shirt, a bit from a dress and combine it with the boho style \ud83d\ude42 We took freedom from the boho style. The ruffles used by us add lightness and airiness to the dress. There is a button fastening on the front of the...\" \/>\n<meta property=\"og:url\" content=\"https:\/\/dziendobrysklep.com\/en\/produkt\/boho-shirt-dress-raspberries\/\" \/>\n<meta property=\"og:site_name\" content=\"dziendobry store\" \/>\n<meta property=\"article:modified_time\" content=\"2023-07-10T13:03:19+00:00\" \/>\n<meta name=\"twitter:card\" content=\"summary_large_image\" \/>\n<meta name=\"twitter:image\" content=\"https:\/\/app.dziendobrysklep.com\/en\/wp-content\/uploads\/2023\/03\/dziendobry-wiosna-2023-sukienka-koszulowa-boho-maliny-2.jpg\" \/>\n<meta name=\"twitter:label1\" content=\"Estimated reading time\" \/>\n\t<meta name=\"twitter:data1\" content=\"2 minutes\" \/>\n<script type=\"application\/ld+json\" class=\"yoast-schema-graph\">{\"@context\":\"https:\/\/schema.org\",\"@graph\":[{\"@type\":\"WebPage\",\"@id\":\"https:\/\/dziendobrysklep.com\/en\/produkt\/boho-shirt-dress-raspberries\/\",\"url\":\"https:\/\/dziendobrysklep.com\/en\/produkt\/boho-shirt-dress-raspberries\/\",\"name\":\"boho shirt dress Raspberries from dziendobry\",\"isPartOf\":{\"@id\":\"https:\/\/dziendobrysklep.com\/en\/#website\"},\"datePublished\":\"2023-07-10T12:36:41+00:00\",\"dateModified\":\"2023-07-10T13:03:19+00:00\",\"breadcrumb\":{\"@id\":\"https:\/\/dziendobrysklep.com\/en\/produkt\/boho-shirt-dress-raspberries\/#breadcrumb\"},\"inLanguage\":\"en-GB\",\"potentialAction\":[{\"@type\":\"ReadAction\",\"target\":[\"https:\/\/dziendobrysklep.com\/en\/produkt\/boho-shirt-dress-raspberries\/\"]}]},{\"@type\":\"BreadcrumbList\",\"@id\":\"https:\/\/dziendobrysklep.com\/en\/produkt\/boho-shirt-dress-raspberries\/#breadcrumb\",\"itemListElement\":[{\"@type\":\"ListItem\",\"position\":1,\"name\":\"Strona g\u0142\u00f3wna\",\"item\":\"https:\/\/dziendobrysklep.com\/en\/\"},{\"@type\":\"ListItem\",\"position\":2,\"name\":\"store\",\"item\":\"https:\/\/dziendobrysklep.com\/en\/store\/\"},{\"@type\":\"ListItem\",\"position\":3,\"name\":\"boho shirt dress Raspberries\"}]},{\"@type\":\"WebSite\",\"@id\":\"https:\/\/dziendobrysklep.com\/en\/#website\",\"url\":\"https:\/\/dziendobrysklep.com\/en\/\",\"name\":\"dziendobry store\",\"description\":\"dziendobry store \u2013 it is not just colourful clothing, but also a positive message that you can wear every day!\",\"potentialAction\":[{\"@type\":\"SearchAction\",\"target\":{\"@type\":\"EntryPoint\",\"urlTemplate\":\"https:\/\/dziendobrysklep.com\/en\/?s={search_term_string}\"},\"query-input\":\"required name=search_term_string\"}],\"inLanguage\":\"en-GB\"}]}<\/script>\n<!-- \/ Yoast SEO plugin. -->","yoast_head_json":{"title":"boho shirt dress Raspberries from dziendobry","robots":{"index":"index","follow":"follow","max-snippet":"max-snippet:-1","max-image-preview":"max-image-preview:large","max-video-preview":"max-video-preview:-1"},"canonical":"https:\/\/dziendobrysklep.com\/en\/produkt\/boho-shirt-dress-raspberries\/","og_locale":"en_GB","og_type":"article","og_title":"boho shirt dress Raspberries from dziendobry","og_description":"Raspberries boho shirt dress or how to take a bit from a shirt, a bit from a dress and combine it with the boho style \ud83d\ude42 We took freedom from the boho style. The ruffles used by us add lightness and airiness to the dress. There is a button fastening on the front of the...","og_url":"https:\/\/dziendobrysklep.com\/en\/produkt\/boho-shirt-dress-raspberries\/","og_site_name":"dziendobry store","article_modified_time":"2023-07-10T13:03:19+00:00","twitter_card":"summary_large_image","twitter_image":"https:\/\/app.dziendobrysklep.com\/en\/wp-content\/uploads\/2023\/03\/dziendobry-wiosna-2023-sukienka-koszulowa-boho-maliny-2.jpg","twitter_misc":{"Estimated reading time":"2 minutes"},"schema":{"@context":"https:\/\/schema.org","@graph":[{"@type":"WebPage","@id":"https:\/\/dziendobrysklep.com\/en\/produkt\/boho-shirt-dress-raspberries\/","url":"https:\/\/dziendobrysklep.com\/en\/produkt\/boho-shirt-dress-raspberries\/","name":"boho shirt dress Raspberries from dziendobry","isPartOf":{"@id":"https:\/\/dziendobrysklep.com\/en\/#website"},"datePublished":"2023-07-10T12:36:41+00:00","dateModified":"2023-07-10T13:03:19+00:00","breadcrumb":{"@id":"https:\/\/dziendobrysklep.com\/en\/produkt\/boho-shirt-dress-raspberries\/#breadcrumb"},"inLanguage":"en-GB","potentialAction":[{"@type":"ReadAction","target":["https:\/\/dziendobrysklep.com\/en\/produkt\/boho-shirt-dress-raspberries\/"]}]},{"@type":"BreadcrumbList","@id":"https:\/\/dziendobrysklep.com\/en\/produkt\/boho-shirt-dress-raspberries\/#breadcrumb","itemListElement":[{"@type":"ListItem","position":1,"name":"Strona g\u0142\u00f3wna","item":"https:\/\/dziendobrysklep.com\/en\/"},{"@type":"ListItem","position":2,"name":"store","item":"https:\/\/dziendobrysklep.com\/en\/store\/"},{"@type":"ListItem","position":3,"name":"boho shirt dress Raspberries"}]},{"@type":"WebSite","@id":"https:\/\/dziendobrysklep.com\/en\/#website","url":"https:\/\/dziendobrysklep.com\/en\/","name":"dziendobry store","description":"dziendobry store \u2013 it is not just colourful clothing, but also a positive message that you can wear every day!","potentialAction":[{"@type":"SearchAction","target":{"@type":"EntryPoint","urlTemplate":"https:\/\/dziendobrysklep.com\/en\/?s={search_term_string}"},"query-input":"required name=search_term_string"}],"inLanguage":"en-GB"}]}},"_links":{"self":[{"href":"https:\/\/app.dziendobrysklep.com\/en\/wp-json\/wp\/v2\/product\/39981"}],"collection":[{"href":"https:\/\/app.dziendobrysklep.com\/en\/wp-json\/wp\/v2\/product"}],"about":[{"href":"https:\/\/app.dziendobrysklep.com\/en\/wp-json\/wp\/v2\/types\/product"}],"wp:featuredmedia":[{"embeddable":true,"href":"https:\/\/app.dziendobrysklep.com\/en\/wp-json\/"}],"wp:attachment":[{"href":"https:\/\/app.dziendobrysklep.com\/en\/wp-json\/wp\/v2\/media?parent=39981"}],"wp:term":[{"taxonomy":"product_cat","embeddable":true,"href":"https:\/\/app.dziendobrysklep.com\/en\/wp-json\/wp\/v2\/product_cat?post=39981"},{"taxonomy":"product_tag","embeddable":true,"href":"https:\/\/app.dziendobrysklep.com\/en\/wp-json\/wp\/v2\/product_tag?post=39981"}],"curies":[{"name":"wp","href":"https:\/\/api.w.org\/{rel}","templated":true}]}}