{"id":39958,"date":"2023-07-10T13:48:35","date_gmt":"2023-07-10T11:48:35","guid":{"rendered":"https:\/\/dziendobrysklep.com\/en\/?post_type=product&#038;p=39958"},"modified":"2023-07-10T15:11:31","modified_gmt":"2023-07-10T13:11:31","slug":"long-skirt-tea","status":"publish","type":"product","link":"https:\/\/app.dziendobrysklep.com\/en\/produkt\/long-skirt-tea\/","title":{"rendered":"Long skirt  Tea"},"content":{"rendered":"<pre class=\"tw-data-text tw-text-large tw-ta\" dir=\"ltr\" data-placeholder=\"T\u0142umaczenie\"><span class=\"Y2IQFc\" lang=\"en\" style=\"font-family: tahoma, arial, helvetica, sans-serif;\">Long skirt in the Tea pattern\r\n\r\nMaxi skirts are made of your favorite summer viscose, which works so well with our strappy dresses. Thanks to this material, the skirt fits beautifully on the hips and looks great in motion! You will also look just as phenomenal when you run a few steps to the tram as when you enter the dance floor.\r\n\r\nWe sewed the skirts from a fragment of a circle, thanks to which a characteristic, soft wave is created. At the front we used a simple, non-wrinkled yoke. In the back part, thanks to the elastic used, the belt is wrinkled. The elastic allows you to adjust the skirt to the figure.\r\n\r\nDepending on your height, the skirt will reach from mid-calf to ankle height. The long tea skirt has pockets in the side seams.\r\n\r\nWe recommend machine washing at 30\u00b0C inside out, in liquids for delicate fabrics.\r\n\r\n100% designed and manufactured in Poland in \u0141\u00f3d\u017a\r\n\r\nComposition: 100% viscose\r\n\r\nThe model is wearing size S (178 cm tall).<\/span><\/pre>\n<ul>\n<li>\n<pre id=\"tw-target-text\" class=\"tw-data-text tw-text-large tw-ta\" dir=\"ltr\" data-placeholder=\"T\u0142umaczenie\"><span class=\"Y2IQFc\" lang=\"en\" style=\"font-family: tahoma, arial, helvetica, sans-serif;\">In the case of clothes made of materials containing natural fibers (cotton, linen, viscose, bamboo), the natural process is the shrinkage of the material and this should be taken into account when choosing the size.<\/span><\/pre>\n<\/li>\n<li><span style=\"color: #000000; font-family: tahoma, arial, helvetica, sans-serif;\"><span lang=\"en-US\">Pattern layout on each and every clothing item is different, therefore the delivered product may differ slightly from the one shown on the photographs.<\/span><\/span><\/li>\n<li><span style=\"font-family: tahoma, arial, helvetica, sans-serif;\">The colours in the pictures may differ slightly\u00a0from the actual products depending on the monitor&#8217;s settings.<\/span><\/li>\n<\/ul>\n<pre id=\"tw-target-text\" class=\"tw-data-text tw-text-large tw-ta\" dir=\"ltr\" data-placeholder=\"T\u0142umaczenie\"><span class=\"Y2IQFc\" lang=\"en\" style=\"font-family: tahoma, arial, helvetica, sans-serif;\">\u00a0<\/span><\/pre>\n","protected":false},"excerpt":{"rendered":"<p>Long skirt in the Tea pattern Maxi skirts are made of your favorite summer viscose, which works so well with our strappy dresses. Thanks to this material, the skirt fits beautifully on the hips and looks great in motion! You will also look just as phenomenal when you run a few steps to the tram&#8230;<\/p>\n","protected":false},"featured_media":100000143395,"template":"","meta":{"_acf_changed":false},"product_cat":[69,20],"product_tag":[],"acf":[],"yoast_head":"<!-- This site is optimized with the Yoast SEO plugin v21.9.1 - https:\/\/yoast.com\/wordpress\/plugins\/seo\/ -->\n<title>Long skirt in the Tea paterrn - from dziendobry<\/title>\n<meta name=\"robots\" content=\"index, follow, max-snippet:-1, max-image-preview:large, max-video-preview:-1\" \/>\n<link rel=\"canonical\" href=\"https:\/\/dziendobrysklep.com\/en\/produkt\/long-skirt-tea\/\" \/>\n<meta property=\"og:locale\" content=\"en_GB\" \/>\n<meta property=\"og:type\" content=\"article\" \/>\n<meta property=\"og:title\" content=\"Long skirt in the Tea paterrn - from dziendobry\" \/>\n<meta property=\"og:description\" content=\"Long skirt in the Tea pattern Maxi skirts are made of your favorite summer viscose, which works so well with our strappy dresses. Thanks to this material, the skirt fits beautifully on the hips and looks great in motion! You will also look just as phenomenal when you run a few steps to the tram...\" \/>\n<meta property=\"og:url\" content=\"https:\/\/dziendobrysklep.com\/en\/produkt\/long-skirt-tea\/\" \/>\n<meta property=\"og:site_name\" content=\"dziendobry store\" \/>\n<meta property=\"article:modified_time\" content=\"2023-07-10T13:11:31+00:00\" \/>\n<meta name=\"twitter:card\" content=\"summary_large_image\" \/>\n<meta name=\"twitter:image\" content=\"https:\/\/app.dziendobrysklep.com\/en\/wp-content\/uploads\/2023\/05\/dziendobry-lato-2023-dluga-spodnica-herbata-3.jpg\" \/>\n<meta name=\"twitter:label1\" content=\"Estimated reading time\" \/>\n\t<meta name=\"twitter:data1\" content=\"2 minutes\" \/>\n<script type=\"application\/ld+json\" class=\"yoast-schema-graph\">{\"@context\":\"https:\/\/schema.org\",\"@graph\":[{\"@type\":\"WebPage\",\"@id\":\"https:\/\/dziendobrysklep.com\/en\/produkt\/long-skirt-tea\/\",\"url\":\"https:\/\/dziendobrysklep.com\/en\/produkt\/long-skirt-tea\/\",\"name\":\"Long skirt in the Tea paterrn - from dziendobry\",\"isPartOf\":{\"@id\":\"https:\/\/dziendobrysklep.com\/en\/#website\"},\"datePublished\":\"2023-07-10T11:48:35+00:00\",\"dateModified\":\"2023-07-10T13:11:31+00:00\",\"breadcrumb\":{\"@id\":\"https:\/\/dziendobrysklep.com\/en\/produkt\/long-skirt-tea\/#breadcrumb\"},\"inLanguage\":\"en-GB\",\"potentialAction\":[{\"@type\":\"ReadAction\",\"target\":[\"https:\/\/dziendobrysklep.com\/en\/produkt\/long-skirt-tea\/\"]}]},{\"@type\":\"BreadcrumbList\",\"@id\":\"https:\/\/dziendobrysklep.com\/en\/produkt\/long-skirt-tea\/#breadcrumb\",\"itemListElement\":[{\"@type\":\"ListItem\",\"position\":1,\"name\":\"Strona g\u0142\u00f3wna\",\"item\":\"https:\/\/dziendobrysklep.com\/en\/\"},{\"@type\":\"ListItem\",\"position\":2,\"name\":\"store\",\"item\":\"https:\/\/dziendobrysklep.com\/en\/store\/\"},{\"@type\":\"ListItem\",\"position\":3,\"name\":\"Long skirt Tea\"}]},{\"@type\":\"WebSite\",\"@id\":\"https:\/\/dziendobrysklep.com\/en\/#website\",\"url\":\"https:\/\/dziendobrysklep.com\/en\/\",\"name\":\"dziendobry store\",\"description\":\"dziendobry store \u2013 it is not just colourful clothing, but also a positive message that you can wear every day!\",\"potentialAction\":[{\"@type\":\"SearchAction\",\"target\":{\"@type\":\"EntryPoint\",\"urlTemplate\":\"https:\/\/dziendobrysklep.com\/en\/?s={search_term_string}\"},\"query-input\":\"required name=search_term_string\"}],\"inLanguage\":\"en-GB\"}]}<\/script>\n<!-- \/ Yoast SEO plugin. -->","yoast_head_json":{"title":"Long skirt in the Tea paterrn - from dziendobry","robots":{"index":"index","follow":"follow","max-snippet":"max-snippet:-1","max-image-preview":"max-image-preview:large","max-video-preview":"max-video-preview:-1"},"canonical":"https:\/\/dziendobrysklep.com\/en\/produkt\/long-skirt-tea\/","og_locale":"en_GB","og_type":"article","og_title":"Long skirt in the Tea paterrn - from dziendobry","og_description":"Long skirt in the Tea pattern Maxi skirts are made of your favorite summer viscose, which works so well with our strappy dresses. Thanks to this material, the skirt fits beautifully on the hips and looks great in motion! You will also look just as phenomenal when you run a few steps to the tram...","og_url":"https:\/\/dziendobrysklep.com\/en\/produkt\/long-skirt-tea\/","og_site_name":"dziendobry store","article_modified_time":"2023-07-10T13:11:31+00:00","twitter_card":"summary_large_image","twitter_image":"https:\/\/app.dziendobrysklep.com\/en\/wp-content\/uploads\/2023\/05\/dziendobry-lato-2023-dluga-spodnica-herbata-3.jpg","twitter_misc":{"Estimated reading time":"2 minutes"},"schema":{"@context":"https:\/\/schema.org","@graph":[{"@type":"WebPage","@id":"https:\/\/dziendobrysklep.com\/en\/produkt\/long-skirt-tea\/","url":"https:\/\/dziendobrysklep.com\/en\/produkt\/long-skirt-tea\/","name":"Long skirt in the Tea paterrn - from dziendobry","isPartOf":{"@id":"https:\/\/dziendobrysklep.com\/en\/#website"},"datePublished":"2023-07-10T11:48:35+00:00","dateModified":"2023-07-10T13:11:31+00:00","breadcrumb":{"@id":"https:\/\/dziendobrysklep.com\/en\/produkt\/long-skirt-tea\/#breadcrumb"},"inLanguage":"en-GB","potentialAction":[{"@type":"ReadAction","target":["https:\/\/dziendobrysklep.com\/en\/produkt\/long-skirt-tea\/"]}]},{"@type":"BreadcrumbList","@id":"https:\/\/dziendobrysklep.com\/en\/produkt\/long-skirt-tea\/#breadcrumb","itemListElement":[{"@type":"ListItem","position":1,"name":"Strona g\u0142\u00f3wna","item":"https:\/\/dziendobrysklep.com\/en\/"},{"@type":"ListItem","position":2,"name":"store","item":"https:\/\/dziendobrysklep.com\/en\/store\/"},{"@type":"ListItem","position":3,"name":"Long skirt Tea"}]},{"@type":"WebSite","@id":"https:\/\/dziendobrysklep.com\/en\/#website","url":"https:\/\/dziendobrysklep.com\/en\/","name":"dziendobry store","description":"dziendobry store \u2013 it is not just colourful clothing, but also a positive message that you can wear every day!","potentialAction":[{"@type":"SearchAction","target":{"@type":"EntryPoint","urlTemplate":"https:\/\/dziendobrysklep.com\/en\/?s={search_term_string}"},"query-input":"required name=search_term_string"}],"inLanguage":"en-GB"}]}},"_links":{"self":[{"href":"https:\/\/app.dziendobrysklep.com\/en\/wp-json\/wp\/v2\/product\/39958"}],"collection":[{"href":"https:\/\/app.dziendobrysklep.com\/en\/wp-json\/wp\/v2\/product"}],"about":[{"href":"https:\/\/app.dziendobrysklep.com\/en\/wp-json\/wp\/v2\/types\/product"}],"wp:featuredmedia":[{"embeddable":true,"href":"https:\/\/app.dziendobrysklep.com\/en\/wp-json\/"}],"wp:attachment":[{"href":"https:\/\/app.dziendobrysklep.com\/en\/wp-json\/wp\/v2\/media?parent=39958"}],"wp:term":[{"taxonomy":"product_cat","embeddable":true,"href":"https:\/\/app.dziendobrysklep.com\/en\/wp-json\/wp\/v2\/product_cat?post=39958"},{"taxonomy":"product_tag","embeddable":true,"href":"https:\/\/app.dziendobrysklep.com\/en\/wp-json\/wp\/v2\/product_tag?post=39958"}],"curies":[{"name":"wp","href":"https:\/\/api.w.org\/{rel}","templated":true}]}}