{"id":9022,"date":"2019-03-23T16:51:35","date_gmt":"2019-03-23T15:51:35","guid":{"rendered":"https:\/\/dziendobrysklep.com\/?page_id=9022"},"modified":"2021-02-17T15:03:53","modified_gmt":"2021-02-17T14:03:53","slug":"patterns","status":"publish","type":"page","link":"https:\/\/app.dziendobrysklep.com\/en\/patterns\/","title":{"rendered":"Patterns"},"content":{"rendered":"<p>Wzory dzie\u0144dobry<\/p>\n<h3><img loading=\"lazy\" decoding=\"async\" class=\"aligncenter\" src=\"https:\/\/dziendobrysklep.com\/wp-content\/uploads\/2020\/03\/dynia1.jpg\" alt=\"wzory dzie\u0144dobry - banany\" width=\"1577\" height=\"1181\" \/><\/h3>\n<h3>\u00a0DYNIA<\/h3>\n<p>\u201eWz\u00f3r Dynia jest jednym z moich najukocha\u0144szych wzor\u00f3w. Lubi\u0119 wzory na czerni i lubi\u0119 kwiaty. Nazwa Dynia jest troch\u0119 myl\u0105ca poniewa\u017c na grafice s\u0105 tak na prawd\u0119 kwiaty nasturcji i cukinii, ale jak ju\u017c mo\u017ce zd\u0105\u017cyli\u015bcie zauwa\u017cy\u0107, nazwy wzor\u00f3w nie do ko\u0144ca oddaj\u0105 to co na nich jest \u2013 cz\u0119sto nazywam je bardziej wra\u017ceniowo ni\u017c dos\u0142ownie. Dynia jak i nasturcja kojarzy mi si\u0119 z p\u00f3\u017anym latem, kt\u00f3re kocham ca\u0142ym swoim Ja\u015bminowym sercem\u2026 Uwielbiam to mocno popo\u0142udniowe, niskie s\u0142o\u0144ce kt\u00f3re maluje \u015bwiat na pomara\u0144czowo. Uwielbiam te\u017c nasturcje kt\u00f3re s\u0105 przepi\u0119kne, a poza tym tak szybko rosn\u0105 i s\u0105 takie proste w uprawie! To wa\u017cne, kiedy nie ma si\u0119 \u201er\u0119ki do kwiat\u00f3w\u201d! Dynia, jest zaraz po Warzywniaku jednym z pierwszych wzor\u00f3w w klimacie realistycznej fauny. Od tych dw\u00f3ch kompozycji wiele si\u0119 u nas zmieni\u0142o dlatego tym bardziej mam do nich sentyment. I uwielbiam nosi\u0107!\u201d<\/p>\n<p>Wz\u00f3r DYNIA znajdziesz <a href=\"https:\/\/dziendobrysklep.com\/?post_type=product&amp;s=DYNIA\">TUTAJ<\/a>.<\/p>\n<p>&nbsp;<\/p>\n<p><img loading=\"lazy\" decoding=\"async\" class=\"aligncenter\" src=\"https:\/\/dziendobrysklep.com\/wp-content\/uploads\/2020\/08\/baner-banany.jpg\" alt=\"wzory dzie\u0144dobry - banany\" width=\"1224\" height=\"544\" \/><\/p>\n<h3>\u00a0BANANY<\/h3>\n<p>\u201cW styczniu 2020 roku pojecha\u0142am pierwszy raz do Indii, co jak mo\u017cecie sobie wyobrazi\u0107, by\u0142o dla mnie wielkim prze\u017cyciem. Nast\u0119pnie zjawi\u0142am si\u0119 na kursie jogi w Arambolu na p\u00f3\u0142nocy Goa i zamieszka\u0142am w willi Stafran, kt\u00f3ra pomalowana by\u0142a we wszystkie odcienie r\u00f3\u017cu! Wtedy utwierdzi\u0142am si\u0119 w przekonaniu jak wielki wp\u0142yw maj\u0105 otaczaj\u0105ce nas barwy (chyba nie musz\u0119 dodawa\u0107, \u017ce w r\u00f3\u017cowej willi czu\u0142am si\u0119 jak w bajce:).<br \/>\nPrzed g\u0142\u00f3wnym wej\u015bciem ros\u0142a palma bananowa, a na niej kwit\u0142 niedu\u017cy kwiat. Zachwyci\u0142am si\u0119 nim, jego dziwactwem, urod\u0105 i niespotykanym egzotycznym kszta\u0142tem. Dlatego ju\u017c wtedy wiedzia\u0142am, \u017ce stworz\u0119 bananowy wz\u00f3r. Jeszcze tam zacz\u0119\u0142am go szkicowa\u0107 i po powrocie do \u0141odzi pojawi\u0142 si\u0119 na ciuchach wiosennej kolekcji 2020.\u201d<\/p>\n<p>Wz\u00f3r BANANY znajdziesz <a href=\"https:\/\/dziendobrysklep.com\/?post_type=product&amp;s=BANANY\">TUTAJ<\/a>.<\/p>\n<p>&nbsp;<\/p>\n<p>&nbsp;<\/p>\n<p><img loading=\"lazy\" decoding=\"async\" class=\"alignnone\" src=\"https:\/\/dziendobrysklep.com\/wp-content\/uploads\/2020\/03\/jungle1.jpg\" alt=\"wzory dzie\u0144dobry - jungle\" width=\"1577\" height=\"1181\" \/><\/p>\n<h3>\u00a0JUNGLE<\/h3>\n<p>\u201eWz\u00f3r JUNGLE jest jednym z naszych hit\u00f3w, powsta\u0142 w 2017 roku i chyba ka\u017cdy ciuch, plecak i torba by\u0142 w tym wzorze. Bo wszystko w nim wygl\u0105da \u015bwietnie!<\/p>\n<p>A sk\u0105d si\u0119 wzi\u0105\u0142? Historia jest prosta: projektowa\u0142am grafik\u0119 z tropikalnymi li\u015b\u0107mi i rysowa\u0142am ich bardzo, bardzo du\u017co. Poch\u0142oni\u0119ta d\u017cungl\u0105 dooko\u0142a, nie mia\u0142am ju\u017c wyj\u015bcia, jak tylko narysowa\u0107 te\u017c wz\u00f3r dla Dzie\u0144dobry. Pierwsze w Jungle by\u0142y prototypowe spodnie, w bardzo ma\u0142ej ilo\u015bci sztuk. Potem kolejne ciuchy, ale za ka\u017cdym razem w kolekcjonerskich ilo\u015bciach. Ca\u0142kiem mo\u017cliwe, \u017ce Jungle b\u0119dzie mia\u0142o u nas wielki come back.<\/p>\n<p>Ciekawe jest to, \u017ce na ka\u017cdym z produkt\u00f3w jest inny kawa\u0142ek tego wzoru poniewa\u017c co\u015b zmienia\u0142am, dodawa\u0142am, np. uk\u0142ad li\u015bci. Je\u015bli dobrze si\u0119 przyjrzysz, to zobaczysz za ka\u017cdym razem inny kawa\u0142ek tropikalnego lasu.<\/p>\n<p>Jungle to ulubiony wz\u00f3r min. mojej mamy, Alicji, i mojej przyjaci\u00f3\u0142ki Emilki Biernackiej.\u201d<\/p>\n<p>Wz\u00f3r JUNGLE znajdziesz <a href=\"https:\/\/dziendobrysklep.com\/?post_type=product&amp;s=jungle\">TUTAJ<\/a>.<\/p>\n","protected":false},"excerpt":{"rendered":"<p>Wzory dzie\u0144dobry \u00a0DYNIA \u201eWz\u00f3r Dynia jest jednym z moich najukocha\u0144szych wzor\u00f3w. Lubi\u0119 wzory na czerni i lubi\u0119 kwiaty. Nazwa Dynia jest troch\u0119 myl\u0105ca poniewa\u017c na grafice s\u0105 tak na prawd\u0119 kwiaty nasturcji i cukinii, ale jak ju\u017c mo\u017ce zd\u0105\u017cyli\u015bcie zauwa\u017cy\u0107, nazwy wzor\u00f3w nie do ko\u0144ca oddaj\u0105 to co na nich jest \u2013 cz\u0119sto nazywam je&#8230;<\/p>\n","protected":false},"author":1,"featured_media":0,"parent":0,"menu_order":1,"comment_status":"closed","ping_status":"closed","template":"","meta":{"_acf_changed":false,"footnotes":""},"acf":[],"yoast_head":"<!-- This site is optimized with the Yoast SEO plugin v21.9.1 - https:\/\/yoast.com\/wordpress\/plugins\/seo\/ -->\n<title>Patterns dzie\u0144dobry i ich historia powstania, inspiracje, druki od dzie\u0144dobry<\/title>\n<meta name=\"description\" content=\"wzory dzie\u0144dobry- to niepowtarzalne miejsce gdzie mo\u017cecie pozna\u0107 histori\u0119 wzor\u00f3w, ale te\u017c co by\u0142o inspiracj\u0105 do powstawia printu!\" \/>\n<meta name=\"robots\" content=\"index, follow, max-snippet:-1, max-image-preview:large, max-video-preview:-1\" \/>\n<link rel=\"canonical\" href=\"https:\/\/dziendobrysklep.com\/en\/patterns\/\" \/>\n<meta property=\"og:locale\" content=\"en_GB\" \/>\n<meta property=\"og:type\" content=\"article\" \/>\n<meta property=\"og:title\" content=\"Patterns dzie\u0144dobry i ich historia powstania, inspiracje, druki od dzie\u0144dobry\" \/>\n<meta property=\"og:description\" content=\"wzory dzie\u0144dobry- to niepowtarzalne miejsce gdzie mo\u017cecie pozna\u0107 histori\u0119 wzor\u00f3w, ale te\u017c co by\u0142o inspiracj\u0105 do powstawia printu!\" \/>\n<meta property=\"og:url\" content=\"https:\/\/dziendobrysklep.com\/en\/patterns\/\" \/>\n<meta property=\"og:site_name\" content=\"dziendobry store\" \/>\n<meta property=\"article:modified_time\" content=\"2021-02-17T14:03:53+00:00\" \/>\n<meta property=\"og:image\" content=\"https:\/\/dziendobrysklep.com\/wp-content\/uploads\/2020\/03\/dynia1.jpg\" \/>\n<meta name=\"twitter:card\" content=\"summary_large_image\" \/>\n<meta name=\"twitter:label1\" content=\"Estimated reading time\" \/>\n\t<meta name=\"twitter:data1\" content=\"3 minutes\" \/>\n<script type=\"application\/ld+json\" class=\"yoast-schema-graph\">{\"@context\":\"https:\/\/schema.org\",\"@graph\":[{\"@type\":\"WebPage\",\"@id\":\"https:\/\/dziendobrysklep.com\/en\/patterns\/\",\"url\":\"https:\/\/dziendobrysklep.com\/en\/patterns\/\",\"name\":\"Patterns dzie\u0144dobry i ich historia powstania, inspiracje, druki od dzie\u0144dobry\",\"isPartOf\":{\"@id\":\"https:\/\/dziendobrysklep.com\/en\/#website\"},\"datePublished\":\"2019-03-23T15:51:35+00:00\",\"dateModified\":\"2021-02-17T14:03:53+00:00\",\"description\":\"wzory dzie\u0144dobry- to niepowtarzalne miejsce gdzie mo\u017cecie pozna\u0107 histori\u0119 wzor\u00f3w, ale te\u017c co by\u0142o inspiracj\u0105 do powstawia printu!\",\"breadcrumb\":{\"@id\":\"https:\/\/dziendobrysklep.com\/en\/patterns\/#breadcrumb\"},\"inLanguage\":\"en-GB\",\"potentialAction\":[{\"@type\":\"ReadAction\",\"target\":[\"https:\/\/dziendobrysklep.com\/en\/patterns\/\"]}]},{\"@type\":\"BreadcrumbList\",\"@id\":\"https:\/\/dziendobrysklep.com\/en\/patterns\/#breadcrumb\",\"itemListElement\":[{\"@type\":\"ListItem\",\"position\":1,\"name\":\"Strona g\u0142\u00f3wna\",\"item\":\"https:\/\/dziendobrysklep.com\/en\/\"},{\"@type\":\"ListItem\",\"position\":2,\"name\":\"Patterns\"}]},{\"@type\":\"WebSite\",\"@id\":\"https:\/\/dziendobrysklep.com\/en\/#website\",\"url\":\"https:\/\/dziendobrysklep.com\/en\/\",\"name\":\"dziendobry store\",\"description\":\"dziendobry store \u2013 it is not just colourful clothing, but also a positive message that you can wear every day!\",\"potentialAction\":[{\"@type\":\"SearchAction\",\"target\":{\"@type\":\"EntryPoint\",\"urlTemplate\":\"https:\/\/dziendobrysklep.com\/en\/?s={search_term_string}\"},\"query-input\":\"required name=search_term_string\"}],\"inLanguage\":\"en-GB\"}]}<\/script>\n<!-- \/ Yoast SEO plugin. -->","yoast_head_json":{"title":"Patterns dzie\u0144dobry i ich historia powstania, inspiracje, druki od dzie\u0144dobry","description":"wzory dzie\u0144dobry- to niepowtarzalne miejsce gdzie mo\u017cecie pozna\u0107 histori\u0119 wzor\u00f3w, ale te\u017c co by\u0142o inspiracj\u0105 do powstawia printu!","robots":{"index":"index","follow":"follow","max-snippet":"max-snippet:-1","max-image-preview":"max-image-preview:large","max-video-preview":"max-video-preview:-1"},"canonical":"https:\/\/dziendobrysklep.com\/en\/patterns\/","og_locale":"en_GB","og_type":"article","og_title":"Patterns dzie\u0144dobry i ich historia powstania, inspiracje, druki od dzie\u0144dobry","og_description":"wzory dzie\u0144dobry- to niepowtarzalne miejsce gdzie mo\u017cecie pozna\u0107 histori\u0119 wzor\u00f3w, ale te\u017c co by\u0142o inspiracj\u0105 do powstawia printu!","og_url":"https:\/\/dziendobrysklep.com\/en\/patterns\/","og_site_name":"dziendobry store","article_modified_time":"2021-02-17T14:03:53+00:00","og_image":[{"url":"https:\/\/dziendobrysklep.com\/wp-content\/uploads\/2020\/03\/dynia1.jpg"}],"twitter_card":"summary_large_image","twitter_misc":{"Estimated reading time":"3 minutes"},"schema":{"@context":"https:\/\/schema.org","@graph":[{"@type":"WebPage","@id":"https:\/\/dziendobrysklep.com\/en\/patterns\/","url":"https:\/\/dziendobrysklep.com\/en\/patterns\/","name":"Patterns dzie\u0144dobry i ich historia powstania, inspiracje, druki od dzie\u0144dobry","isPartOf":{"@id":"https:\/\/dziendobrysklep.com\/en\/#website"},"datePublished":"2019-03-23T15:51:35+00:00","dateModified":"2021-02-17T14:03:53+00:00","description":"wzory dzie\u0144dobry- to niepowtarzalne miejsce gdzie mo\u017cecie pozna\u0107 histori\u0119 wzor\u00f3w, ale te\u017c co by\u0142o inspiracj\u0105 do powstawia printu!","breadcrumb":{"@id":"https:\/\/dziendobrysklep.com\/en\/patterns\/#breadcrumb"},"inLanguage":"en-GB","potentialAction":[{"@type":"ReadAction","target":["https:\/\/dziendobrysklep.com\/en\/patterns\/"]}]},{"@type":"BreadcrumbList","@id":"https:\/\/dziendobrysklep.com\/en\/patterns\/#breadcrumb","itemListElement":[{"@type":"ListItem","position":1,"name":"Strona g\u0142\u00f3wna","item":"https:\/\/dziendobrysklep.com\/en\/"},{"@type":"ListItem","position":2,"name":"Patterns"}]},{"@type":"WebSite","@id":"https:\/\/dziendobrysklep.com\/en\/#website","url":"https:\/\/dziendobrysklep.com\/en\/","name":"dziendobry store","description":"dziendobry store \u2013 it is not just colourful clothing, but also a positive message that you can wear every day!","potentialAction":[{"@type":"SearchAction","target":{"@type":"EntryPoint","urlTemplate":"https:\/\/dziendobrysklep.com\/en\/?s={search_term_string}"},"query-input":"required name=search_term_string"}],"inLanguage":"en-GB"}]}},"_links":{"self":[{"href":"https:\/\/app.dziendobrysklep.com\/en\/wp-json\/wp\/v2\/pages\/9022"}],"collection":[{"href":"https:\/\/app.dziendobrysklep.com\/en\/wp-json\/wp\/v2\/pages"}],"about":[{"href":"https:\/\/app.dziendobrysklep.com\/en\/wp-json\/wp\/v2\/types\/page"}],"author":[{"embeddable":true,"href":"https:\/\/app.dziendobrysklep.com\/en\/wp-json\/wp\/v2\/users\/1"}],"replies":[{"embeddable":true,"href":"https:\/\/app.dziendobrysklep.com\/en\/wp-json\/wp\/v2\/comments?post=9022"}],"version-history":[{"count":1,"href":"https:\/\/app.dziendobrysklep.com\/en\/wp-json\/wp\/v2\/pages\/9022\/revisions"}],"predecessor-version":[{"id":29077,"href":"https:\/\/app.dziendobrysklep.com\/en\/wp-json\/wp\/v2\/pages\/9022\/revisions\/29077"}],"wp:attachment":[{"href":"https:\/\/app.dziendobrysklep.com\/en\/wp-json\/wp\/v2\/media?parent=9022"}],"curies":[{"name":"wp","href":"https:\/\/api.w.org\/{rel}","templated":true}]}}