{"id":2571,"date":"2018-03-22T21:33:02","date_gmt":"2018-03-22T20:33:02","guid":{"rendered":"https:\/\/dziendobrysklep.com\/?page_id=1424"},"modified":"2023-07-11T07:34:13","modified_gmt":"2023-07-11T05:34:13","slug":"contact","status":"publish","type":"page","link":"https:\/\/app.dziendobrysklep.com\/en\/contact\/","title":{"rendered":"contact"},"content":{"rendered":"<p><strong>dziendobry office:<\/strong><\/p>\n<p><a href=\"mailto:biuro@dziendobrysklep.com\">biuro@dziendobrysklep.com<\/a><\/p>\n<p>we are available on working days from 9 to 17<\/p>\n<p>&nbsp;<\/p>\n<p><strong>PR, Marketing, collaborate:<\/strong><\/p>\n<p>marketing@dziendobrysklep.com<\/p>\n<p>&nbsp;<\/p>\n<p><strong>Phone number:<\/strong><\/p>\n<p>515422558<\/p>\n<p>&nbsp;<\/p>\n<p><strong>Address for correspondence<\/strong>:<\/p>\n<p>dzie\u0144dobry<\/p>\n<p>ul. \u0141\u0105kowa 3\/5 klatka D<\/p>\n<p>3 floor<\/p>\n<p>90-562 \u0141\u00f3d\u017a<\/p>\n<p>&nbsp;<\/p>\n<p><strong>Company data<\/strong>:<\/p>\n<p><strong>&#8220;Serafin Studio&#8221;<\/strong><\/p>\n<p>ul. \u0141om\u017cy\u0144ska 16,<\/p>\n<p>26-600 Radom,<\/p>\n<p>NIP: 9482477477.<\/p>\n<p>&nbsp;<\/p>\n<p><strong>Bank transfer details:<\/strong><\/p>\n<p>&nbsp;<\/p>\n","protected":false},"excerpt":{"rendered":"<p>dziendobry office: biuro@dziendobrysklep.com we are available on working days from 9 to 17 &nbsp; PR, Marketing, collaborate: marketing@dziendobrysklep.com &nbsp; Phone number: 515422558 &nbsp; Address for correspondence: dzie\u0144dobry ul. \u0141\u0105kowa 3\/5 klatka D 3 floor 90-562 \u0141\u00f3d\u017a &nbsp; Company data: &#8220;Serafin Studio&#8221; ul. \u0141om\u017cy\u0144ska 16, 26-600 Radom, NIP: 9482477477. &nbsp; Bank transfer details: &nbsp;<\/p>\n","protected":false},"author":1,"featured_media":0,"parent":0,"menu_order":6,"comment_status":"closed","ping_status":"closed","template":"","meta":{"_acf_changed":false,"footnotes":""},"acf":[],"yoast_head":"<!-- This site is optimized with the Yoast SEO plugin v21.9.1 - https:\/\/yoast.com\/wordpress\/plugins\/seo\/ -->\n<title>contact us for details or for small talk - dziendobry store<\/title>\n<meta name=\"description\" content=\"contact to the shop&#039;s workshop: we will answer your questions with the greatest acceptance and dispel doubts. how can we help you today?\" \/>\n<meta name=\"robots\" content=\"index, follow, max-snippet:-1, max-image-preview:large, max-video-preview:-1\" \/>\n<link rel=\"canonical\" href=\"https:\/\/dziendobrysklep.com\/en\/contact\/\" \/>\n<meta property=\"og:locale\" content=\"en_GB\" \/>\n<meta property=\"og:type\" content=\"article\" \/>\n<meta property=\"og:title\" content=\"contact us for details or for small talk - dziendobry store\" \/>\n<meta property=\"og:description\" content=\"contact to the shop&#039;s workshop: we will answer your questions with the greatest acceptance and dispel doubts. how can we help you today?\" \/>\n<meta property=\"og:url\" content=\"https:\/\/dziendobrysklep.com\/en\/contact\/\" \/>\n<meta property=\"og:site_name\" content=\"dziendobry store\" \/>\n<meta property=\"article:modified_time\" content=\"2023-07-11T05:34:13+00:00\" \/>\n<meta name=\"twitter:card\" content=\"summary_large_image\" \/>\n<meta name=\"twitter:label1\" content=\"Estimated reading time\" \/>\n\t<meta name=\"twitter:data1\" content=\"1 minute\" \/>\n<script type=\"application\/ld+json\" class=\"yoast-schema-graph\">{\"@context\":\"https:\/\/schema.org\",\"@graph\":[{\"@type\":\"WebPage\",\"@id\":\"https:\/\/dziendobrysklep.com\/en\/contact\/\",\"url\":\"https:\/\/dziendobrysklep.com\/en\/contact\/\",\"name\":\"contact us for details or for small talk - dziendobry store\",\"isPartOf\":{\"@id\":\"https:\/\/dziendobrysklep.com\/en\/#website\"},\"datePublished\":\"2018-03-22T20:33:02+00:00\",\"dateModified\":\"2023-07-11T05:34:13+00:00\",\"description\":\"contact to the shop's workshop: we will answer your questions with the greatest acceptance and dispel doubts. how can we help you today?\",\"breadcrumb\":{\"@id\":\"https:\/\/dziendobrysklep.com\/en\/contact\/#breadcrumb\"},\"inLanguage\":\"en-GB\",\"potentialAction\":[{\"@type\":\"ReadAction\",\"target\":[\"https:\/\/dziendobrysklep.com\/en\/contact\/\"]}]},{\"@type\":\"BreadcrumbList\",\"@id\":\"https:\/\/dziendobrysklep.com\/en\/contact\/#breadcrumb\",\"itemListElement\":[{\"@type\":\"ListItem\",\"position\":1,\"name\":\"Strona g\u0142\u00f3wna\",\"item\":\"https:\/\/dziendobrysklep.com\/en\/\"},{\"@type\":\"ListItem\",\"position\":2,\"name\":\"contact\"}]},{\"@type\":\"WebSite\",\"@id\":\"https:\/\/dziendobrysklep.com\/en\/#website\",\"url\":\"https:\/\/dziendobrysklep.com\/en\/\",\"name\":\"dziendobry store\",\"description\":\"dziendobry store \u2013 it is not just colourful clothing, but also a positive message that you can wear every day!\",\"potentialAction\":[{\"@type\":\"SearchAction\",\"target\":{\"@type\":\"EntryPoint\",\"urlTemplate\":\"https:\/\/dziendobrysklep.com\/en\/?s={search_term_string}\"},\"query-input\":\"required name=search_term_string\"}],\"inLanguage\":\"en-GB\"}]}<\/script>\n<!-- \/ Yoast SEO plugin. -->","yoast_head_json":{"title":"contact us for details or for small talk - dziendobry store","description":"contact to the shop's workshop: we will answer your questions with the greatest acceptance and dispel doubts. how can we help you today?","robots":{"index":"index","follow":"follow","max-snippet":"max-snippet:-1","max-image-preview":"max-image-preview:large","max-video-preview":"max-video-preview:-1"},"canonical":"https:\/\/dziendobrysklep.com\/en\/contact\/","og_locale":"en_GB","og_type":"article","og_title":"contact us for details or for small talk - dziendobry store","og_description":"contact to the shop's workshop: we will answer your questions with the greatest acceptance and dispel doubts. how can we help you today?","og_url":"https:\/\/dziendobrysklep.com\/en\/contact\/","og_site_name":"dziendobry store","article_modified_time":"2023-07-11T05:34:13+00:00","twitter_card":"summary_large_image","twitter_misc":{"Estimated reading time":"1 minute"},"schema":{"@context":"https:\/\/schema.org","@graph":[{"@type":"WebPage","@id":"https:\/\/dziendobrysklep.com\/en\/contact\/","url":"https:\/\/dziendobrysklep.com\/en\/contact\/","name":"contact us for details or for small talk - dziendobry store","isPartOf":{"@id":"https:\/\/dziendobrysklep.com\/en\/#website"},"datePublished":"2018-03-22T20:33:02+00:00","dateModified":"2023-07-11T05:34:13+00:00","description":"contact to the shop's workshop: we will answer your questions with the greatest acceptance and dispel doubts. how can we help you today?","breadcrumb":{"@id":"https:\/\/dziendobrysklep.com\/en\/contact\/#breadcrumb"},"inLanguage":"en-GB","potentialAction":[{"@type":"ReadAction","target":["https:\/\/dziendobrysklep.com\/en\/contact\/"]}]},{"@type":"BreadcrumbList","@id":"https:\/\/dziendobrysklep.com\/en\/contact\/#breadcrumb","itemListElement":[{"@type":"ListItem","position":1,"name":"Strona g\u0142\u00f3wna","item":"https:\/\/dziendobrysklep.com\/en\/"},{"@type":"ListItem","position":2,"name":"contact"}]},{"@type":"WebSite","@id":"https:\/\/dziendobrysklep.com\/en\/#website","url":"https:\/\/dziendobrysklep.com\/en\/","name":"dziendobry store","description":"dziendobry store \u2013 it is not just colourful clothing, but also a positive message that you can wear every day!","potentialAction":[{"@type":"SearchAction","target":{"@type":"EntryPoint","urlTemplate":"https:\/\/dziendobrysklep.com\/en\/?s={search_term_string}"},"query-input":"required name=search_term_string"}],"inLanguage":"en-GB"}]}},"_links":{"self":[{"href":"https:\/\/app.dziendobrysklep.com\/en\/wp-json\/wp\/v2\/pages\/2571"}],"collection":[{"href":"https:\/\/app.dziendobrysklep.com\/en\/wp-json\/wp\/v2\/pages"}],"about":[{"href":"https:\/\/app.dziendobrysklep.com\/en\/wp-json\/wp\/v2\/types\/page"}],"author":[{"embeddable":true,"href":"https:\/\/app.dziendobrysklep.com\/en\/wp-json\/wp\/v2\/users\/1"}],"replies":[{"embeddable":true,"href":"https:\/\/app.dziendobrysklep.com\/en\/wp-json\/wp\/v2\/comments?post=2571"}],"version-history":[{"count":2,"href":"https:\/\/app.dziendobrysklep.com\/en\/wp-json\/wp\/v2\/pages\/2571\/revisions"}],"predecessor-version":[{"id":39428,"href":"https:\/\/app.dziendobrysklep.com\/en\/wp-json\/wp\/v2\/pages\/2571\/revisions\/39428"}],"wp:attachment":[{"href":"https:\/\/app.dziendobrysklep.com\/en\/wp-json\/wp\/v2\/media?parent=2571"}],"curies":[{"name":"wp","href":"https:\/\/api.w.org\/{rel}","templated":true}]}}