{"id":2565,"date":"2017-10-24T20:13:23","date_gmt":"2017-10-24T18:13:23","guid":{"rendered":"https:\/\/dziendobrysklep.com\/?page_id=74"},"modified":"2022-05-06T12:33:12","modified_gmt":"2022-05-06T10:33:12","slug":"deliveryandreturns","status":"publish","type":"page","link":"https:\/\/app.dziendobrysklep.com\/en\/deliveryandreturns\/","title":{"rendered":"delivery and returns"},"content":{"rendered":"<h3>Delivery:<\/h3>\n<p>The orders are delivered either by a courier service DPD\u00a0 or can be collected personally in Lodz at the address:<\/p>\n<p>The orders are fulfilled within 2-7 days<\/p>\n<p>We try to dispatch the orders as fast as possible.<\/p>\n<p>If you\u2019d like to order an express delivery, please contact us at biuro@dziendobrysklep.com<\/p>\n<p>&nbsp;<\/p>\n<h3>Returns:<\/h3>\n<p>If for any reason you decide to return your purchase, you have 14 days starting from the date you received the order. Upon returning the product, you could indicate why it hasn\u2019t met your expectations \u2013<strong>\u00a0we\u2019d be happy to hear from you, because we take our clients\u2019 opinions very seriously.<\/strong><\/p>\n<p>Before returning a product, please inform us beforehand by emailing at biuro@dziendobrysklep.com<\/p>\n<p>It would be the best if you filled out the return form <a href=\"https:\/\/dziendobrysklep.com\/en\/wp-content\/uploads\/sites\/2\/2021\/12\/contract-withdrawal-form.pdf\"><strong>CONTRACT WITHDRAWAL FORM<\/strong><\/a><\/p>\n<p>Any additional information would make our job much easier, therefore we\u2019d be very grateful if you filled out the form provided above \u2013 or at least sent us a hand-written\u00a0note with the essential information about the product \u2013 and attached it to your return package.<\/p>\n<p>Please keep in mind that you are responsible for any reduction of the product\u2019s value resulting from its improper use or maintenance.<\/p>\n<p>Note that the return delivery costs should be covered by you.<\/p>\n<p>We\u2019ll refund the returned purchase within 14 days.<\/p>\n<p>To see more details on our return policy, please check out the Terms and Conditions.<\/p>\n<p><strong>The address for shipping returns:<\/strong><\/p>\n<p>Dzie\u0144dobry<\/p>\n<p>ul. \u0141\u0105kowa 3\/5 D<\/p>\n<p>90-562 \u0141\u00f3d\u017a,<\/p>\n<p>lokal 213<\/p>\n<p>&nbsp;<\/p>\n<p>&nbsp;<\/p>\n","protected":false},"excerpt":{"rendered":"<p>Delivery: The orders are delivered either by a courier service DPD\u00a0 or can be collected personally in Lodz at the address: The orders are fulfilled within 2-7 days We try to dispatch the orders as fast as possible. If you\u2019d like to order an express delivery, please contact us at biuro@dziendobrysklep.com &nbsp; Returns: If for&#8230;<\/p>\n","protected":false},"author":1,"featured_media":0,"parent":0,"menu_order":4,"comment_status":"closed","ping_status":"closed","template":"","meta":{"_acf_changed":false,"footnotes":""},"acf":[],"yoast_head":"<!-- This site is optimized with the Yoast SEO plugin v21.9.1 - https:\/\/yoast.com\/wordpress\/plugins\/seo\/ -->\n<title>delivery and returns - even exchange could be easy with dziendobry<\/title>\n<meta name=\"description\" content=\"everything about delivery, returns or exchanges the product from dziendobry online store\" \/>\n<meta name=\"robots\" content=\"index, follow, max-snippet:-1, max-image-preview:large, max-video-preview:-1\" \/>\n<link rel=\"canonical\" href=\"https:\/\/dziendobrysklep.com\/en\/deliveryandreturns\/\" \/>\n<meta property=\"og:locale\" content=\"en_GB\" \/>\n<meta property=\"og:type\" content=\"article\" \/>\n<meta property=\"og:title\" content=\"delivery and returns - even exchange could be easy with dziendobry\" \/>\n<meta property=\"og:description\" content=\"everything about delivery, returns or exchanges the product from dziendobry online store\" \/>\n<meta property=\"og:url\" content=\"https:\/\/dziendobrysklep.com\/en\/deliveryandreturns\/\" \/>\n<meta property=\"og:site_name\" content=\"dziendobry store\" \/>\n<meta property=\"article:modified_time\" content=\"2022-05-06T10:33:12+00:00\" \/>\n<meta name=\"twitter:card\" content=\"summary_large_image\" \/>\n<meta name=\"twitter:label1\" content=\"Estimated reading time\" \/>\n\t<meta name=\"twitter:data1\" content=\"2 minutes\" \/>\n<script type=\"application\/ld+json\" class=\"yoast-schema-graph\">{\"@context\":\"https:\/\/schema.org\",\"@graph\":[{\"@type\":\"WebPage\",\"@id\":\"https:\/\/dziendobrysklep.com\/en\/deliveryandreturns\/\",\"url\":\"https:\/\/dziendobrysklep.com\/en\/deliveryandreturns\/\",\"name\":\"delivery and returns - even exchange could be easy with dziendobry\",\"isPartOf\":{\"@id\":\"https:\/\/dziendobrysklep.com\/en\/#website\"},\"datePublished\":\"2017-10-24T18:13:23+00:00\",\"dateModified\":\"2022-05-06T10:33:12+00:00\",\"description\":\"everything about delivery, returns or exchanges the product from dziendobry online store\",\"breadcrumb\":{\"@id\":\"https:\/\/dziendobrysklep.com\/en\/deliveryandreturns\/#breadcrumb\"},\"inLanguage\":\"en-GB\",\"potentialAction\":[{\"@type\":\"ReadAction\",\"target\":[\"https:\/\/dziendobrysklep.com\/en\/deliveryandreturns\/\"]}]},{\"@type\":\"BreadcrumbList\",\"@id\":\"https:\/\/dziendobrysklep.com\/en\/deliveryandreturns\/#breadcrumb\",\"itemListElement\":[{\"@type\":\"ListItem\",\"position\":1,\"name\":\"Strona g\u0142\u00f3wna\",\"item\":\"https:\/\/dziendobrysklep.com\/en\/\"},{\"@type\":\"ListItem\",\"position\":2,\"name\":\"delivery and returns\"}]},{\"@type\":\"WebSite\",\"@id\":\"https:\/\/dziendobrysklep.com\/en\/#website\",\"url\":\"https:\/\/dziendobrysklep.com\/en\/\",\"name\":\"dziendobry store\",\"description\":\"dziendobry store \u2013 it is not just colourful clothing, but also a positive message that you can wear every day!\",\"potentialAction\":[{\"@type\":\"SearchAction\",\"target\":{\"@type\":\"EntryPoint\",\"urlTemplate\":\"https:\/\/dziendobrysklep.com\/en\/?s={search_term_string}\"},\"query-input\":\"required name=search_term_string\"}],\"inLanguage\":\"en-GB\"}]}<\/script>\n<!-- \/ Yoast SEO plugin. -->","yoast_head_json":{"title":"delivery and returns - even exchange could be easy with dziendobry","description":"everything about delivery, returns or exchanges the product from dziendobry online store","robots":{"index":"index","follow":"follow","max-snippet":"max-snippet:-1","max-image-preview":"max-image-preview:large","max-video-preview":"max-video-preview:-1"},"canonical":"https:\/\/dziendobrysklep.com\/en\/deliveryandreturns\/","og_locale":"en_GB","og_type":"article","og_title":"delivery and returns - even exchange could be easy with dziendobry","og_description":"everything about delivery, returns or exchanges the product from dziendobry online store","og_url":"https:\/\/dziendobrysklep.com\/en\/deliveryandreturns\/","og_site_name":"dziendobry store","article_modified_time":"2022-05-06T10:33:12+00:00","twitter_card":"summary_large_image","twitter_misc":{"Estimated reading time":"2 minutes"},"schema":{"@context":"https:\/\/schema.org","@graph":[{"@type":"WebPage","@id":"https:\/\/dziendobrysklep.com\/en\/deliveryandreturns\/","url":"https:\/\/dziendobrysklep.com\/en\/deliveryandreturns\/","name":"delivery and returns - even exchange could be easy with dziendobry","isPartOf":{"@id":"https:\/\/dziendobrysklep.com\/en\/#website"},"datePublished":"2017-10-24T18:13:23+00:00","dateModified":"2022-05-06T10:33:12+00:00","description":"everything about delivery, returns or exchanges the product from dziendobry online store","breadcrumb":{"@id":"https:\/\/dziendobrysklep.com\/en\/deliveryandreturns\/#breadcrumb"},"inLanguage":"en-GB","potentialAction":[{"@type":"ReadAction","target":["https:\/\/dziendobrysklep.com\/en\/deliveryandreturns\/"]}]},{"@type":"BreadcrumbList","@id":"https:\/\/dziendobrysklep.com\/en\/deliveryandreturns\/#breadcrumb","itemListElement":[{"@type":"ListItem","position":1,"name":"Strona g\u0142\u00f3wna","item":"https:\/\/dziendobrysklep.com\/en\/"},{"@type":"ListItem","position":2,"name":"delivery and returns"}]},{"@type":"WebSite","@id":"https:\/\/dziendobrysklep.com\/en\/#website","url":"https:\/\/dziendobrysklep.com\/en\/","name":"dziendobry store","description":"dziendobry store \u2013 it is not just colourful clothing, but also a positive message that you can wear every day!","potentialAction":[{"@type":"SearchAction","target":{"@type":"EntryPoint","urlTemplate":"https:\/\/dziendobrysklep.com\/en\/?s={search_term_string}"},"query-input":"required name=search_term_string"}],"inLanguage":"en-GB"}]}},"_links":{"self":[{"href":"https:\/\/app.dziendobrysklep.com\/en\/wp-json\/wp\/v2\/pages\/2565"}],"collection":[{"href":"https:\/\/app.dziendobrysklep.com\/en\/wp-json\/wp\/v2\/pages"}],"about":[{"href":"https:\/\/app.dziendobrysklep.com\/en\/wp-json\/wp\/v2\/types\/page"}],"author":[{"embeddable":true,"href":"https:\/\/app.dziendobrysklep.com\/en\/wp-json\/wp\/v2\/users\/1"}],"replies":[{"embeddable":true,"href":"https:\/\/app.dziendobrysklep.com\/en\/wp-json\/wp\/v2\/comments?post=2565"}],"version-history":[{"count":2,"href":"https:\/\/app.dziendobrysklep.com\/en\/wp-json\/wp\/v2\/pages\/2565\/revisions"}],"predecessor-version":[{"id":39425,"href":"https:\/\/app.dziendobrysklep.com\/en\/wp-json\/wp\/v2\/pages\/2565\/revisions\/39425"}],"wp:attachment":[{"href":"https:\/\/app.dziendobrysklep.com\/en\/wp-json\/wp\/v2\/media?parent=2565"}],"curies":[{"name":"wp","href":"https:\/\/api.w.org\/{rel}","templated":true}]}}